{"id":68849,"date":"2021-09-22T09:31:40","date_gmt":"2021-09-22T09:31:40","guid":{"rendered":"https:\/\/we-bc.ca\/ce-que-nous-proposons\/"},"modified":"2023-07-25T13:55:22","modified_gmt":"2023-07-25T13:55:22","slug":"ce-que-nous-proposons","status":"publish","type":"page","link":"https:\/\/we-bc.ca\/fr\/ce-que-nous-proposons\/","title":{"rendered":"Ce que nous proposons"},"content":{"rendered":"\n<h5 class=\"wp-block-heading\">CE QUE NOUS OFFRONS<\/h5>\n\n<h1 class=\"wp-block-heading\">Nous pouvons vous aider \u00e0 naviguer dans votre parcours professionnel<\/h1>\n\n<p>WeBC a fourni \u00e0 des milliers de femmes chefs d&rsquo;entreprise des pr\u00eats, de l&rsquo;expertise, du mentorat et des formations pour aider leurs entreprises \u00e0 se d\u00e9velopper et \u00e0 prosp\u00e9rer.<\/p>\n","protected":false},"excerpt":{"rendered":"<p>CE QUE NOUS OFFRONS Nous pouvons vous aider \u00e0 naviguer dans votre parcours professionnel WeBC a fourni \u00e0 des milliers de femmes chefs d&rsquo;entreprise des pr\u00eats, de l&rsquo;expertise, du mentorat [&hellip;]<\/p>\n","protected":false},"author":1,"featured_media":0,"parent":0,"menu_order":0,"comment_status":"closed","ping_status":"closed","template":"templates\/what-we-offer.php","meta":{"_acf_changed":false,"footnotes":""},"class_list":["post-68849","page","type-page","status-publish","hentry"],"acf":[],"yoast_head":"<!-- This site is optimized with the Yoast SEO plugin v27.4 - https:\/\/yoast.com\/product\/yoast-seo-wordpress\/ -->\n<title>Ce que nous proposons - WeBC<\/title>\n<meta name=\"description\" content=\"WeBC a aid\u00e9 des milliers de femmes chefs d&#039;entreprise en leur accordant des pr\u00eats, en leur apportant son expertise, en les formant et en les encadrant pour les aider \u00e0 d\u00e9velopper leur entreprise. En savoir plus.\" \/>\n<meta name=\"robots\" content=\"index, follow, max-snippet:-1, max-image-preview:large, max-video-preview:-1\" \/>\n<link rel=\"canonical\" href=\"https:\/\/we-bc.ca\/fr\/ce-que-nous-proposons\/\" \/>\n<meta property=\"og:locale\" content=\"fr_FR\" \/>\n<meta property=\"og:type\" content=\"article\" \/>\n<meta property=\"og:title\" content=\"Ce que nous proposons - WeBC\" \/>\n<meta property=\"og:description\" content=\"WeBC a aid\u00e9 des milliers de femmes chefs d&#039;entreprise en leur accordant des pr\u00eats, en leur apportant son expertise, en les formant et en les encadrant pour les aider \u00e0 d\u00e9velopper leur entreprise. En savoir plus.\" \/>\n<meta property=\"og:url\" content=\"https:\/\/we-bc.ca\/fr\/ce-que-nous-proposons\/\" \/>\n<meta property=\"og:site_name\" content=\"WeBC\" \/>\n<meta property=\"article:modified_time\" content=\"2023-07-25T13:55:22+00:00\" \/>\n<meta name=\"twitter:card\" content=\"summary_large_image\" \/>\n<script type=\"application\/ld+json\" class=\"yoast-schema-graph\">{\"@context\":\"https:\\\/\\\/schema.org\",\"@graph\":[{\"@type\":\"WebPage\",\"@id\":\"https:\\\/\\\/we-bc.ca\\\/fr\\\/ce-que-nous-proposons\\\/\",\"url\":\"https:\\\/\\\/we-bc.ca\\\/fr\\\/ce-que-nous-proposons\\\/\",\"name\":\"Ce que nous proposons - WeBC\",\"isPartOf\":{\"@id\":\"https:\\\/\\\/we-bc.ca\\\/fr\\\/#website\"},\"datePublished\":\"2021-09-22T09:31:40+00:00\",\"dateModified\":\"2023-07-25T13:55:22+00:00\",\"description\":\"WeBC a aid\u00e9 des milliers de femmes chefs d'entreprise en leur accordant des pr\u00eats, en leur apportant son expertise, en les formant et en les encadrant pour les aider \u00e0 d\u00e9velopper leur entreprise. En savoir plus.\",\"breadcrumb\":{\"@id\":\"https:\\\/\\\/we-bc.ca\\\/fr\\\/ce-que-nous-proposons\\\/#breadcrumb\"},\"inLanguage\":\"fr-FR\",\"potentialAction\":[{\"@type\":\"ReadAction\",\"target\":[\"https:\\\/\\\/we-bc.ca\\\/fr\\\/ce-que-nous-proposons\\\/\"]}]},{\"@type\":\"BreadcrumbList\",\"@id\":\"https:\\\/\\\/we-bc.ca\\\/fr\\\/ce-que-nous-proposons\\\/#breadcrumb\",\"itemListElement\":[{\"@type\":\"ListItem\",\"position\":1,\"name\":\"Home\",\"item\":\"https:\\\/\\\/we-bc.ca\\\/fr\\\/\"},{\"@type\":\"ListItem\",\"position\":2,\"name\":\"Ce que nous proposons\"}]},{\"@type\":\"WebSite\",\"@id\":\"https:\\\/\\\/we-bc.ca\\\/fr\\\/#website\",\"url\":\"https:\\\/\\\/we-bc.ca\\\/fr\\\/\",\"name\":\"WeBC\",\"description\":\"Supporting Women Entrepreneurs in BC\",\"potentialAction\":[{\"@type\":\"SearchAction\",\"target\":{\"@type\":\"EntryPoint\",\"urlTemplate\":\"https:\\\/\\\/we-bc.ca\\\/fr\\\/?s={search_term_string}\"},\"query-input\":{\"@type\":\"PropertyValueSpecification\",\"valueRequired\":true,\"valueName\":\"search_term_string\"}}],\"inLanguage\":\"fr-FR\"}]}<\/script>\n<!-- \/ Yoast SEO plugin. -->","yoast_head_json":{"title":"Ce que nous proposons - WeBC","description":"WeBC a aid\u00e9 des milliers de femmes chefs d'entreprise en leur accordant des pr\u00eats, en leur apportant son expertise, en les formant et en les encadrant pour les aider \u00e0 d\u00e9velopper leur entreprise. En savoir plus.","robots":{"index":"index","follow":"follow","max-snippet":"max-snippet:-1","max-image-preview":"max-image-preview:large","max-video-preview":"max-video-preview:-1"},"canonical":"https:\/\/we-bc.ca\/fr\/ce-que-nous-proposons\/","og_locale":"fr_FR","og_type":"article","og_title":"Ce que nous proposons - WeBC","og_description":"WeBC a aid\u00e9 des milliers de femmes chefs d'entreprise en leur accordant des pr\u00eats, en leur apportant son expertise, en les formant et en les encadrant pour les aider \u00e0 d\u00e9velopper leur entreprise. En savoir plus.","og_url":"https:\/\/we-bc.ca\/fr\/ce-que-nous-proposons\/","og_site_name":"WeBC","article_modified_time":"2023-07-25T13:55:22+00:00","twitter_card":"summary_large_image","schema":{"@context":"https:\/\/schema.org","@graph":[{"@type":"WebPage","@id":"https:\/\/we-bc.ca\/fr\/ce-que-nous-proposons\/","url":"https:\/\/we-bc.ca\/fr\/ce-que-nous-proposons\/","name":"Ce que nous proposons - WeBC","isPartOf":{"@id":"https:\/\/we-bc.ca\/fr\/#website"},"datePublished":"2021-09-22T09:31:40+00:00","dateModified":"2023-07-25T13:55:22+00:00","description":"WeBC a aid\u00e9 des milliers de femmes chefs d'entreprise en leur accordant des pr\u00eats, en leur apportant son expertise, en les formant et en les encadrant pour les aider \u00e0 d\u00e9velopper leur entreprise. En savoir plus.","breadcrumb":{"@id":"https:\/\/we-bc.ca\/fr\/ce-que-nous-proposons\/#breadcrumb"},"inLanguage":"fr-FR","potentialAction":[{"@type":"ReadAction","target":["https:\/\/we-bc.ca\/fr\/ce-que-nous-proposons\/"]}]},{"@type":"BreadcrumbList","@id":"https:\/\/we-bc.ca\/fr\/ce-que-nous-proposons\/#breadcrumb","itemListElement":[{"@type":"ListItem","position":1,"name":"Home","item":"https:\/\/we-bc.ca\/fr\/"},{"@type":"ListItem","position":2,"name":"Ce que nous proposons"}]},{"@type":"WebSite","@id":"https:\/\/we-bc.ca\/fr\/#website","url":"https:\/\/we-bc.ca\/fr\/","name":"WeBC","description":"Supporting Women Entrepreneurs in BC","potentialAction":[{"@type":"SearchAction","target":{"@type":"EntryPoint","urlTemplate":"https:\/\/we-bc.ca\/fr\/?s={search_term_string}"},"query-input":{"@type":"PropertyValueSpecification","valueRequired":true,"valueName":"search_term_string"}}],"inLanguage":"fr-FR"}]}},"_links":{"self":[{"href":"https:\/\/we-bc.ca\/fr\/wp-json\/wp\/v2\/pages\/68849","targetHints":{"allow":["GET"]}}],"collection":[{"href":"https:\/\/we-bc.ca\/fr\/wp-json\/wp\/v2\/pages"}],"about":[{"href":"https:\/\/we-bc.ca\/fr\/wp-json\/wp\/v2\/types\/page"}],"author":[{"embeddable":true,"href":"https:\/\/we-bc.ca\/fr\/wp-json\/wp\/v2\/users\/1"}],"replies":[{"embeddable":true,"href":"https:\/\/we-bc.ca\/fr\/wp-json\/wp\/v2\/comments?post=68849"}],"version-history":[{"count":0,"href":"https:\/\/we-bc.ca\/fr\/wp-json\/wp\/v2\/pages\/68849\/revisions"}],"wp:attachment":[{"href":"https:\/\/we-bc.ca\/fr\/wp-json\/wp\/v2\/media?parent=68849"}],"curies":[{"name":"wp","href":"https:\/\/api.w.org\/{rel}","templated":true}]}}