{"id":71824,"date":"2023-11-24T14:48:41","date_gmt":"2023-11-24T21:48:41","guid":{"rendered":"https:\/\/we-bc.ca\/product\/programmes-smart-rh-pour-les-petites-entreprises-les-rh-pour-les-petites-entreprises-embaucher-conserver-et-diriger-votre-equipe\/"},"modified":"2025-03-31T17:18:23","modified_gmt":"2025-03-31T17:18:23","slug":"programmes-smart-rh-pour-les-petites-entreprises-les-rh-pour-les-petites-entreprises-embaucher-conserver-et-diriger-votre-equipe","status":"publish","type":"product","link":"https:\/\/we-bc.ca\/fr\/product\/programmes-smart-rh-pour-les-petites-entreprises-les-rh-pour-les-petites-entreprises-embaucher-conserver-et-diriger-votre-equipe\/","title":{"rendered":"Programmes SMART | Les RH pour les petites entreprises : embaucher, conserver et diriger votre \u00e9quipe"},"content":{"rendered":"<p>[<a href=\"https:\/\/we-bc.ca\/product\/self-paced-learning-hr-for-small-business\/\"><strong>Click here to purchase this course in English<\/strong><\/a>]<\/p>\n<p>WeBC est ravi de pr\u00e9senter ce cours \u00e0 rythme libre pour aider les propri\u00e9taires de petites entreprises \u00e0 embaucher, former et diriger leurs \u00e9quipes !<\/p>\n<p>\u00ab\u00a0HR for Small Business\u00a0\u00bb fait partie de notre s\u00e9rie <a href=\"https:\/\/we-bc.ca\/smart-on-demand-learning-for-women-business-owners\/\" target=\"_blank\" rel=\"noopener\">SMART Program<\/a>, ce qui vous permet de suivre le contenu \u00e0 votre rythme sur notre plateforme de formation \u00e0 la demande. Le cours est con\u00e7u pour vous aider \u00e0 comprendre les concepts cl\u00e9s, \u00e0 travailler sur des \u00e9tudes de cas interactives et \u00e0 r\u00e9aliser des activit\u00e9s qui appliquent les connaissances acquises \u00e0 votre propre entreprise.<\/p>\n<h2>Description du module<\/h2>\n<p>Le fait d\u2019avoir les bonnes personnes dans votre \u00e9quipe cr\u00e9e un environnement de travail positif, vous aide \u00e0 offrir un service de qualit\u00e9, r\u00e9duit vos co\u00fbts de formation et vous laisse le temps de vous concentrer sur vos objectifs plut\u00f4t que sur le fonctionnement quotidien de votre entreprise. Alors, comment attirer et garder les meilleurs employ\u00e9s dans votre \u00e9quipe ?<\/p>\n<p><span style=\"font-weight: 400;\">WeBC a cr\u00e9\u00e9 cette s\u00e9rie en trois parties qui contient de nombreux outils, conseils et ressources pour vous aider \u00e0 d\u00e9velopper des strat\u00e9gies RH pratiques \u00e0 mettre en \u0153uvre, quel que soit le stade d\u2019avancement de votre entreprise.<\/span><\/p>\n<p><span style=\"font-weight: 400;\">Dans ce module interactif, vous travaillerez sur une \u00e9tude de cas pour mettre en pratique vos comp\u00e9tences en recrutement, vous apprendrez comment communiquer avec votre \u00e9quipe et vous d\u00e9couvrirez des strat\u00e9gies \u00e9prouv\u00e9es de d\u00e9veloppement de la culture d\u2019entreprise afin de devenir l\u2019employeur de choix. <\/span><\/p>\n<p><span style=\"font-weight: 400;\">Ce module comprend trois chapitres : <\/span><\/p>\n<ul>\n<li style=\"font-weight: 400;\" aria-level=\"1\"><a href=\"https:\/\/we-bc.ca\/product\/self-paced-learning-hr-for-small-business#1\"><span style=\"font-weight: 400;\">Recrutement 101 : trouver des employ\u00e9s de qualit\u00e9<\/span><\/a><\/li>\n<li style=\"font-weight: 400;\" aria-level=\"1\"><a href=\"https:\/\/we-bc.ca\/product\/self-paced-learning-hr-for-small-business#2\"><span style=\"font-weight: 400;\">Fid\u00e9liser les employ\u00e9s : des strat\u00e9gies qui stimulent l\u2019engagement<\/span><\/a><\/li>\n<li style=\"font-weight: 400;\" aria-level=\"1\"><a href=\"https:\/\/we-bc.ca\/product\/self-paced-learning-hr-for-small-business#3\"><span style=\"font-weight: 400;\">Confiance et leadership : comment cr\u00e9er une \u00e9quipe performante<\/span><\/a><\/li>\n<\/ul>\n<h2>Ce qui est inclus<\/h2>\n<ul>\n<li>Acc\u00e8s au module RH sur notre plateforme de formation \u00e0 la demande<\/li>\n<li>Conseils d&rsquo;un conseiller d&rsquo;entreprise<\/li>\n<\/ul>\n<p><strong>Prix : GRATUIT, gr\u00e2ce au financement de la Strat\u00e9gie pour l&rsquo;entrepreneuriat f\u00e9minin du gouvernement du Canada !<\/strong><\/p>\n<h2><strong>\u00c0 propos des sessions<\/strong><\/h2>\n<p><a name=\"1\"><\/a><\/p>\n<h3><strong>Chapitre 1 | Recrutement 101 : trouver des employ\u00e9s de qualit\u00e9<\/strong><\/h3>\n<p><span style=\"font-weight: 400;\">Quelle est la cl\u00e9 du succ\u00e8s d\u2019une entreprise? Des employ\u00e9s motiv\u00e9s et productifs!<\/span><\/p>\n<p><span style=\"font-weight: 400;\">Le recrutement va au-del\u00e0 de la simple recherche de travailleurs pour pourvoir des postes. C\u2019est un processus bien pr\u00e9par\u00e9 qui consiste \u00e0 trouver, \u00e0 attirer, \u00e0 \u00e9valuer et \u00e0 s\u00e9lectionner des candidats, afin d\u2019embaucher un employ\u00e9 qui poss\u00e8de les bonnes comp\u00e9tences pour votre entreprise. <\/span><\/p>\n<p><span style=\"font-weight: 400;\">Chaque personne et chaque entreprise est unique, et il existe des pratiques fiables qui vous aideront \u00e0 trouver les personnes poss\u00e9dant le bon \u00e9quilibre en termes de connaissances, d\u2019exp\u00e9rience et de personnalit\u00e9 et \u00e0 les motiver pour qu\u2019elles rejoignent votre \u00e9quipe!<\/span><\/p>\n<p><span style=\"font-weight: 400;\">Au cours de cette session interactive, nous r\u00e9pondrons \u00e0 toutes vos questions sur le recrutement tout en vous guidant \u00e0 travers les points suivants : <\/span><\/p>\n<ul>\n<li><span style=\"font-weight: 400;\">Comment r\u00e9diger une description de poste qui soit \u00e0 la fois pr\u00e9cise, attrayante et inclusive.<\/span><\/li>\n<li><span style=\"font-weight: 400;\">Comment choisir le lieu de publication des annonces pour attirer le plus grand nombre de candidats possible.<\/span><\/li>\n<li><span style=\"font-weight: 400;\">Des conseils sur la fa\u00e7on de pr\u00e9s\u00e9lectionner les candidats et de mener des entretiens pour faciliter votre prise de d\u00e9cision.<\/span><\/li>\n<\/ul>\n<p><a name=\"2\"><\/a><\/p>\n<h3><strong>Chapitre 2 | Fid\u00e9liser les employ\u00e9s : des strat\u00e9gies qui stimulent l\u2019engagement<\/strong><\/h3>\n<p><span style=\"font-weight: 400;\">Une fois que vous avez r\u00e9uni votre \u00e9quipe de r\u00eave, l\u2019\u00e9tape suivante consiste \u00e0 faire en sorte que cette \u00e9quipe persiste.<\/span><\/p>\n<p><span style=\"font-weight: 400;\">Heureusement pour les propri\u00e9taires de petites entreprises, le salaire n\u2019est qu\u2019une partie de l\u2019\u00e9quation. Des \u00e9tudes montrent que les employ\u00e9s engag\u00e9s sont 59 % moins susceptibles de chercher un nouvel emploi au cours de l\u2019ann\u00e9e suivante, et il existe de nombreuses pratiques que vous pouvez mettre en \u0153uvre pour maintenir l\u2019engagement de vos employ\u00e9s.<\/span><\/p>\n<p><span style=\"font-weight: 400;\">Au cours de cette session dynamique et captivante, vous apprendrez :<\/span><\/p>\n<ul>\n<li style=\"font-weight: 400;\" aria-level=\"1\"><span style=\"font-weight: 400;\">Des techniques de communication simples qui permettent d\u2019unir votre \u00e9quipe.<\/span><\/li>\n<li style=\"font-weight: 400;\" aria-level=\"1\"><span style=\"font-weight: 400;\">Des id\u00e9es pour cr\u00e9er un plan de fid\u00e9lisation qui maintiendra les employ\u00e9s motiv\u00e9s et engag\u00e9s et leur donnera envie de rester.<\/span><\/li>\n<\/ul>\n<p><a name=\"3\"><\/a><\/p>\n<h3><strong>Chapitre 3 | Confiance et leadership : comment cr\u00e9er une \u00e9quipe performante<\/strong><\/h3>\n<p><span style=\"font-weight: 400;\">Est-ce que vous faites suffisamment confiance \u00e0 votre \u00e9quipe pour d\u00e9l\u00e9guer des t\u00e2ches cl\u00e9s afin que vous puissiez vous concentrer sur vos objectifs, ou bien ressentez-vous le besoin de faire de la microgestion? <\/span><\/p>\n<p><span style=\"font-weight: 400;\">En plus de la formation ad\u00e9quate de vos employ\u00e9s, c\u2019est la confiance &#8211; en leurs capacit\u00e9s et en vous-m\u00eame, en tant que leader &#8211; qui est la cl\u00e9 de la cr\u00e9ation d\u2019une \u00e9quipe solidaire. Il existe de nombreuses strat\u00e9gies pour unir vos employ\u00e9s autour de votre vision, et la plupart d\u2019entre elles peuvent porter leurs fruits sans d\u00e9penser beaucoup d\u2019argent. <\/span><\/p>\n<p><span style=\"font-weight: 400;\">Au cours de cette session, nous partagerons les strat\u00e9gies que vous pouvez utiliser pour renforcer la confiance de vos employ\u00e9s, notamment :<\/span><\/p>\n<ul>\n<li style=\"font-weight: 400;\" aria-level=\"1\"><span style=\"font-weight: 400;\">Motiver votre \u00e9quipe autour de la mission de votre entreprise.<\/span><\/li>\n<li style=\"font-weight: 400;\" aria-level=\"1\"><span style=\"font-weight: 400;\">Mettre en valeur vos propres capacit\u00e9s de leadership et de communication afin de mieux g\u00e9rer vos employ\u00e9s.<\/span><\/li>\n<li style=\"font-weight: 400;\" aria-level=\"1\"><span style=\"font-weight: 400;\">Cr\u00e9er un environnement de travail qui soit s\u00fbr et respectueux, tant pour votre \u00e9quipe que pour vos clients.<\/span><\/li>\n<\/ul>\n<hr \/>\n<p style=\"text-align: left;\"><strong>Ce programme est financ\u00e9 par la <a href=\"https:\/\/ised-isde.canada.ca\/site\/women-entrepreneurship-strategy\/en\/wes-inclusive-women-venture-capital-initiative\">Strat\u00e9gie pour l&rsquo;entrepreneuriat f\u00e9minin<\/a> du gouvernement du Canada.<\/strong><\/p>\n<p><img decoding=\"async\" class=\"alignnone wp-image-62904 alignleft\" src=\"https:\/\/we-bc.ca\/wp-content\/uploads\/2023\/05\/ISED-ISDE-45e.png-black.png\" alt=\"Innovation, science et d\u00e9veloppement \u00e9conomique Canada\" width=\"392\" height=\"21\" \/ loading=\"lazy\" srcset=\"https:\/\/we-bc.ca\/wp-content\/uploads\/2023\/05\/ISED-ISDE-45e.png-black.png 1821w, https:\/\/we-bc.ca\/wp-content\/uploads\/2023\/05\/ISED-ISDE-45e.png-black-360x19.png 360w, https:\/\/we-bc.ca\/wp-content\/uploads\/2023\/05\/ISED-ISDE-45e.png-black-600x32.png 600w, https:\/\/we-bc.ca\/wp-content\/uploads\/2023\/05\/ISED-ISDE-45e.png-black-768x41.png 768w, https:\/\/we-bc.ca\/wp-content\/uploads\/2023\/05\/ISED-ISDE-45e.png-black-1536x82.png 1536w\" sizes=\"auto, (max-width: 392px) 100vw, 392px\" \/> <img decoding=\"async\" class=\"alignnone wp-image-62905 alignleft\" src=\"https:\/\/we-bc.ca\/wp-content\/uploads\/2023\/05\/Canada_Colour-360x88.png\" alt=\"Canada wordmark\" width=\"98\" height=\"24\" \/ loading=\"lazy\" srcset=\"https:\/\/we-bc.ca\/wp-content\/uploads\/2023\/05\/Canada_Colour-360x88.png 360w, https:\/\/we-bc.ca\/wp-content\/uploads\/2023\/05\/Canada_Colour-600x147.png 600w, https:\/\/we-bc.ca\/wp-content\/uploads\/2023\/05\/Canada_Colour-768x189.png 768w, https:\/\/we-bc.ca\/wp-content\/uploads\/2023\/05\/Canada_Colour-1536x378.png 1536w, https:\/\/we-bc.ca\/wp-content\/uploads\/2023\/05\/Canada_Colour-2048x503.png 2048w\" sizes=\"auto, (max-width: 98px) 100vw, 98px\" \/><\/p>\n","protected":false},"excerpt":{"rendered":"<p><strong>Disponible en anglais et en fran\u00e7ais<\/strong><\/p>\n<p><a href=\"https:\/\/we-bc.ca\/product\/self-paced-learning-hr-for-small-business\/\"><strong>[Click here to purchase this course in English]<\/strong><\/a><\/p>\n","protected":false},"featured_media":75272,"comment_status":"open","ping_status":"closed","template":"","meta":{"_acf_changed":false},"product_brand":[],"product_cat":[820,1494,1514],"product_tag":[1493,850,832],"class_list":{"0":"post-71824","1":"product","2":"type-product","3":"status-publish","4":"has-post-thumbnail","6":"product_cat-skills-development","7":"product_cat-self-paced-learning-smart-programs","8":"product_cat-products","9":"product_tag-self-paced","10":"product_tag-business-growth","11":"product_tag-hr","13":"first","14":"instock","15":"sale","16":"virtual","17":"purchasable","18":"product-type-simple"},"bundled_by":[],"bundle_stock_status":"instock","bundle_stock_quantity":null,"bundle_virtual":false,"bundle_layout":"","bundle_add_to_cart_form_location":"","bundle_editable_in_cart":false,"bundle_sold_individually_context":"","bundle_item_grouping":"","bundle_min_size":"","bundle_max_size":"","bundle_price":[],"bundled_items":[],"bundle_sell_ids":[],"acf":[],"yoast_head":"<!-- This site is optimized with the Yoast SEO plugin v27.4 - https:\/\/yoast.com\/product\/yoast-seo-wordpress\/ -->\n<title>Apprentissage autonome gratuit : Les RH pour les petites entreprises - WeBC<\/title>\n<meta name=\"description\" content=\"Apprendre les RH pour les petites entreprises. Apprenez \u00e0 embaucher des employ\u00e9s et \u00e0 les former. Programme de subventions destin\u00e9 aux petites entreprises du Canada.\" \/>\n<meta name=\"robots\" content=\"index, follow, max-snippet:-1, max-image-preview:large, max-video-preview:-1\" \/>\n<link rel=\"canonical\" href=\"https:\/\/we-bc.ca\/fr\/product\/programmes-smart-rh-pour-les-petites-entreprises-les-rh-pour-les-petites-entreprises-embaucher-conserver-et-diriger-votre-equipe\/\" \/>\n<meta property=\"og:locale\" content=\"fr_FR\" \/>\n<meta property=\"og:type\" content=\"article\" \/>\n<meta property=\"og:title\" content=\"Apprentissage autonome gratuit : Les RH pour les petites entreprises - WeBC\" \/>\n<meta property=\"og:description\" content=\"Apprendre les RH pour les petites entreprises. Apprenez \u00e0 embaucher des employ\u00e9s et \u00e0 les former. Programme de subventions destin\u00e9 aux petites entreprises du Canada.\" \/>\n<meta property=\"og:url\" content=\"https:\/\/we-bc.ca\/fr\/product\/programmes-smart-rh-pour-les-petites-entreprises-les-rh-pour-les-petites-entreprises-embaucher-conserver-et-diriger-votre-equipe\/\" \/>\n<meta property=\"og:site_name\" content=\"WeBC\" \/>\n<meta property=\"article:modified_time\" content=\"2025-03-31T17:18:23+00:00\" \/>\n<meta property=\"og:image\" content=\"https:\/\/we-bc.ca\/wp-content\/uploads\/2023\/11\/FR-HR_Product-Available-1.png\" \/>\n\t<meta property=\"og:image:width\" content=\"1080\" \/>\n\t<meta property=\"og:image:height\" content=\"1080\" \/>\n\t<meta property=\"og:image:type\" content=\"image\/png\" \/>\n<meta name=\"twitter:card\" content=\"summary_large_image\" \/>\n<meta name=\"twitter:label1\" content=\"Dur\u00e9e de lecture estim\u00e9e\" \/>\n\t<meta name=\"twitter:data1\" content=\"5 minutes\" \/>\n<script type=\"application\/ld+json\" class=\"yoast-schema-graph\">{\"@context\":\"https:\\\/\\\/schema.org\",\"@graph\":[{\"@type\":\"WebPage\",\"@id\":\"https:\\\/\\\/we-bc.ca\\\/fr\\\/product\\\/programmes-smart-rh-pour-les-petites-entreprises-les-rh-pour-les-petites-entreprises-embaucher-conserver-et-diriger-votre-equipe\\\/\",\"url\":\"https:\\\/\\\/we-bc.ca\\\/fr\\\/product\\\/programmes-smart-rh-pour-les-petites-entreprises-les-rh-pour-les-petites-entreprises-embaucher-conserver-et-diriger-votre-equipe\\\/\",\"name\":\"Apprentissage autonome gratuit : Les RH pour les petites entreprises - WeBC\",\"isPartOf\":{\"@id\":\"https:\\\/\\\/we-bc.ca\\\/fr\\\/#website\"},\"primaryImageOfPage\":{\"@id\":\"https:\\\/\\\/we-bc.ca\\\/fr\\\/product\\\/programmes-smart-rh-pour-les-petites-entreprises-les-rh-pour-les-petites-entreprises-embaucher-conserver-et-diriger-votre-equipe\\\/#primaryimage\"},\"image\":{\"@id\":\"https:\\\/\\\/we-bc.ca\\\/fr\\\/product\\\/programmes-smart-rh-pour-les-petites-entreprises-les-rh-pour-les-petites-entreprises-embaucher-conserver-et-diriger-votre-equipe\\\/#primaryimage\"},\"thumbnailUrl\":\"https:\\\/\\\/we-bc.ca\\\/wp-content\\\/uploads\\\/2023\\\/11\\\/FR-HR_Product-Available-1.png\",\"datePublished\":\"2023-11-24T21:48:41+00:00\",\"dateModified\":\"2025-03-31T17:18:23+00:00\",\"description\":\"Apprendre les RH pour les petites entreprises. Apprenez \u00e0 embaucher des employ\u00e9s et \u00e0 les former. Programme de subventions destin\u00e9 aux petites entreprises du Canada.\",\"breadcrumb\":{\"@id\":\"https:\\\/\\\/we-bc.ca\\\/fr\\\/product\\\/programmes-smart-rh-pour-les-petites-entreprises-les-rh-pour-les-petites-entreprises-embaucher-conserver-et-diriger-votre-equipe\\\/#breadcrumb\"},\"inLanguage\":\"fr-FR\",\"potentialAction\":[{\"@type\":\"ReadAction\",\"target\":[\"https:\\\/\\\/we-bc.ca\\\/fr\\\/product\\\/programmes-smart-rh-pour-les-petites-entreprises-les-rh-pour-les-petites-entreprises-embaucher-conserver-et-diriger-votre-equipe\\\/\"]}]},{\"@type\":\"ImageObject\",\"inLanguage\":\"fr-FR\",\"@id\":\"https:\\\/\\\/we-bc.ca\\\/fr\\\/product\\\/programmes-smart-rh-pour-les-petites-entreprises-les-rh-pour-les-petites-entreprises-embaucher-conserver-et-diriger-votre-equipe\\\/#primaryimage\",\"url\":\"https:\\\/\\\/we-bc.ca\\\/wp-content\\\/uploads\\\/2023\\\/11\\\/FR-HR_Product-Available-1.png\",\"contentUrl\":\"https:\\\/\\\/we-bc.ca\\\/wp-content\\\/uploads\\\/2023\\\/11\\\/FR-HR_Product-Available-1.png\",\"width\":1080,\"height\":1080},{\"@type\":\"BreadcrumbList\",\"@id\":\"https:\\\/\\\/we-bc.ca\\\/fr\\\/product\\\/programmes-smart-rh-pour-les-petites-entreprises-les-rh-pour-les-petites-entreprises-embaucher-conserver-et-diriger-votre-equipe\\\/#breadcrumb\",\"itemListElement\":[{\"@type\":\"ListItem\",\"position\":1,\"name\":\"Home\",\"item\":\"https:\\\/\\\/we-bc.ca\\\/fr\\\/\"},{\"@type\":\"ListItem\",\"position\":2,\"name\":\"Shop\",\"item\":\"https:\\\/\\\/we-bc.ca\\\/shop\\\/\"},{\"@type\":\"ListItem\",\"position\":3,\"name\":\"Programmes SMART | Les RH pour les petites entreprises : embaucher, conserver et diriger votre \u00e9quipe\"}]},{\"@type\":\"WebSite\",\"@id\":\"https:\\\/\\\/we-bc.ca\\\/fr\\\/#website\",\"url\":\"https:\\\/\\\/we-bc.ca\\\/fr\\\/\",\"name\":\"WeBC\",\"description\":\"Supporting Women Entrepreneurs in BC\",\"potentialAction\":[{\"@type\":\"SearchAction\",\"target\":{\"@type\":\"EntryPoint\",\"urlTemplate\":\"https:\\\/\\\/we-bc.ca\\\/fr\\\/?s={search_term_string}\"},\"query-input\":{\"@type\":\"PropertyValueSpecification\",\"valueRequired\":true,\"valueName\":\"search_term_string\"}}],\"inLanguage\":\"fr-FR\"}]}<\/script>\n<!-- \/ Yoast SEO plugin. -->","yoast_head_json":{"title":"Apprentissage autonome gratuit : Les RH pour les petites entreprises - WeBC","description":"Apprendre les RH pour les petites entreprises. Apprenez \u00e0 embaucher des employ\u00e9s et \u00e0 les former. Programme de subventions destin\u00e9 aux petites entreprises du Canada.","robots":{"index":"index","follow":"follow","max-snippet":"max-snippet:-1","max-image-preview":"max-image-preview:large","max-video-preview":"max-video-preview:-1"},"canonical":"https:\/\/we-bc.ca\/fr\/product\/programmes-smart-rh-pour-les-petites-entreprises-les-rh-pour-les-petites-entreprises-embaucher-conserver-et-diriger-votre-equipe\/","og_locale":"fr_FR","og_type":"article","og_title":"Apprentissage autonome gratuit : Les RH pour les petites entreprises - WeBC","og_description":"Apprendre les RH pour les petites entreprises. Apprenez \u00e0 embaucher des employ\u00e9s et \u00e0 les former. Programme de subventions destin\u00e9 aux petites entreprises du Canada.","og_url":"https:\/\/we-bc.ca\/fr\/product\/programmes-smart-rh-pour-les-petites-entreprises-les-rh-pour-les-petites-entreprises-embaucher-conserver-et-diriger-votre-equipe\/","og_site_name":"WeBC","article_modified_time":"2025-03-31T17:18:23+00:00","og_image":[{"width":1080,"height":1080,"url":"https:\/\/we-bc.ca\/wp-content\/uploads\/2023\/11\/FR-HR_Product-Available-1.png","type":"image\/png"}],"twitter_card":"summary_large_image","twitter_misc":{"Dur\u00e9e de lecture estim\u00e9e":"5 minutes"},"schema":{"@context":"https:\/\/schema.org","@graph":[{"@type":"WebPage","@id":"https:\/\/we-bc.ca\/fr\/product\/programmes-smart-rh-pour-les-petites-entreprises-les-rh-pour-les-petites-entreprises-embaucher-conserver-et-diriger-votre-equipe\/","url":"https:\/\/we-bc.ca\/fr\/product\/programmes-smart-rh-pour-les-petites-entreprises-les-rh-pour-les-petites-entreprises-embaucher-conserver-et-diriger-votre-equipe\/","name":"Apprentissage autonome gratuit : Les RH pour les petites entreprises - WeBC","isPartOf":{"@id":"https:\/\/we-bc.ca\/fr\/#website"},"primaryImageOfPage":{"@id":"https:\/\/we-bc.ca\/fr\/product\/programmes-smart-rh-pour-les-petites-entreprises-les-rh-pour-les-petites-entreprises-embaucher-conserver-et-diriger-votre-equipe\/#primaryimage"},"image":{"@id":"https:\/\/we-bc.ca\/fr\/product\/programmes-smart-rh-pour-les-petites-entreprises-les-rh-pour-les-petites-entreprises-embaucher-conserver-et-diriger-votre-equipe\/#primaryimage"},"thumbnailUrl":"https:\/\/we-bc.ca\/wp-content\/uploads\/2023\/11\/FR-HR_Product-Available-1.png","datePublished":"2023-11-24T21:48:41+00:00","dateModified":"2025-03-31T17:18:23+00:00","description":"Apprendre les RH pour les petites entreprises. Apprenez \u00e0 embaucher des employ\u00e9s et \u00e0 les former. Programme de subventions destin\u00e9 aux petites entreprises du Canada.","breadcrumb":{"@id":"https:\/\/we-bc.ca\/fr\/product\/programmes-smart-rh-pour-les-petites-entreprises-les-rh-pour-les-petites-entreprises-embaucher-conserver-et-diriger-votre-equipe\/#breadcrumb"},"inLanguage":"fr-FR","potentialAction":[{"@type":"ReadAction","target":["https:\/\/we-bc.ca\/fr\/product\/programmes-smart-rh-pour-les-petites-entreprises-les-rh-pour-les-petites-entreprises-embaucher-conserver-et-diriger-votre-equipe\/"]}]},{"@type":"ImageObject","inLanguage":"fr-FR","@id":"https:\/\/we-bc.ca\/fr\/product\/programmes-smart-rh-pour-les-petites-entreprises-les-rh-pour-les-petites-entreprises-embaucher-conserver-et-diriger-votre-equipe\/#primaryimage","url":"https:\/\/we-bc.ca\/wp-content\/uploads\/2023\/11\/FR-HR_Product-Available-1.png","contentUrl":"https:\/\/we-bc.ca\/wp-content\/uploads\/2023\/11\/FR-HR_Product-Available-1.png","width":1080,"height":1080},{"@type":"BreadcrumbList","@id":"https:\/\/we-bc.ca\/fr\/product\/programmes-smart-rh-pour-les-petites-entreprises-les-rh-pour-les-petites-entreprises-embaucher-conserver-et-diriger-votre-equipe\/#breadcrumb","itemListElement":[{"@type":"ListItem","position":1,"name":"Home","item":"https:\/\/we-bc.ca\/fr\/"},{"@type":"ListItem","position":2,"name":"Shop","item":"https:\/\/we-bc.ca\/shop\/"},{"@type":"ListItem","position":3,"name":"Programmes SMART | Les RH pour les petites entreprises : embaucher, conserver et diriger votre \u00e9quipe"}]},{"@type":"WebSite","@id":"https:\/\/we-bc.ca\/fr\/#website","url":"https:\/\/we-bc.ca\/fr\/","name":"WeBC","description":"Supporting Women Entrepreneurs in BC","potentialAction":[{"@type":"SearchAction","target":{"@type":"EntryPoint","urlTemplate":"https:\/\/we-bc.ca\/fr\/?s={search_term_string}"},"query-input":{"@type":"PropertyValueSpecification","valueRequired":true,"valueName":"search_term_string"}}],"inLanguage":"fr-FR"}]}},"_links":{"self":[{"href":"https:\/\/we-bc.ca\/fr\/wp-json\/wp\/v2\/product\/71824","targetHints":{"allow":["GET"]}}],"collection":[{"href":"https:\/\/we-bc.ca\/fr\/wp-json\/wp\/v2\/product"}],"about":[{"href":"https:\/\/we-bc.ca\/fr\/wp-json\/wp\/v2\/types\/product"}],"replies":[{"embeddable":true,"href":"https:\/\/we-bc.ca\/fr\/wp-json\/wp\/v2\/comments?post=71824"}],"wp:featuredmedia":[{"embeddable":true,"href":"https:\/\/we-bc.ca\/fr\/wp-json\/wp\/v2\/media\/75272"}],"wp:attachment":[{"href":"https:\/\/we-bc.ca\/fr\/wp-json\/wp\/v2\/media?parent=71824"}],"wp:term":[{"taxonomy":"product_brand","embeddable":true,"href":"https:\/\/we-bc.ca\/fr\/wp-json\/wp\/v2\/product_brand?post=71824"},{"taxonomy":"product_cat","embeddable":true,"href":"https:\/\/we-bc.ca\/fr\/wp-json\/wp\/v2\/product_cat?post=71824"},{"taxonomy":"product_tag","embeddable":true,"href":"https:\/\/we-bc.ca\/fr\/wp-json\/wp\/v2\/product_tag?post=71824"}],"curies":[{"name":"wp","href":"https:\/\/api.w.org\/{rel}","templated":true}]}}