{"id":73616,"date":"2023-11-27T23:12:24","date_gmt":"2023-11-28T06:12:24","guid":{"rendered":"https:\/\/we-bc.ca\/product\/programme-smart-la-sante-financiere-maintenir-votre-entreprise-en-bonne-sante-financiere\/"},"modified":"2025-03-31T17:17:37","modified_gmt":"2025-03-31T17:17:37","slug":"programme-smart-la-sante-financiere-maintenir-votre-entreprise-en-bonne-sante-financiere","status":"publish","type":"product","link":"https:\/\/we-bc.ca\/fr\/product\/programme-smart-la-sante-financiere-maintenir-votre-entreprise-en-bonne-sante-financiere\/","title":{"rendered":"Programme SMART | La sant\u00e9 financi\u00e8re : maintenir votre entreprise en bonne sant\u00e9 financi\u00e8re"},"content":{"rendered":"<h3>Dans le cadre des programmes SMART de WeBC<\/h3>\n<p>\u00ab La sant\u00e9 financi\u00e8re \u00bb est l\u2019une de nos s\u00e9ries de formation les plus populaires, et elle est d\u00e9sormais disponible sur demande pour que vous puissiez apprendre \u00e0 votre propre rythme. \u00ab La sant\u00e9 financi\u00e8re \u00bb fait partie de nos <a href=\"https:\/\/we-bc.ca\/smart-on-demand-learning-for-women-business-owners\/\" target=\"_blank\" rel=\"noopener\">programmes SMART<\/a>, vous pouvez donc travailler sur le contenu \u00e0 votre propre rythme sur notre plateforme d\u2019apprentissage sur demande. Le cours est con\u00e7u pour vous aider \u00e0 comprendre les concepts cl\u00e9s, \u00e0 travailler sur des \u00e9tudes de cas interactives et \u00e0 r\u00e9aliser des activit\u00e9s qui appliquent les connaissances acquises \u00e0 votre propre entreprise.<\/p>\n<h3>A propos du cours sur la sant\u00e9 financi\u00e8re<\/h3>\n<p>Lorsque votre entreprise est en bonne sant\u00e9 financi\u00e8re, de nombreux autres aspects de votre entreprise gagnent en solidit\u00e9. Vous pouvez vous sentir plus \u00e0 l\u2019aise pour prendre des d\u00e9cisions, faire des demandes de financement ou embaucher du personnel afin de pouvoir vous lib\u00e9rer du temps.<\/p>\n<p>Ce module \u00e0 rythme libre, cr\u00e9\u00e9 par WeBC, contient les outils, les astuces et les ressources dont vous avez besoin pour vous aider \u00e0 ma\u00eetriser vos finances, \u00e0 atteindre vos objectifs et \u00e0 assurer la r\u00e9ussite de votre entreprise!<\/p>\n<p>Ce module d\u2019apprentissage interactif sur demande comprend trois chapitres :<\/p>\n<ul>\n<li>Chapitre 1 | <a href=\"https:\/\/we-bc.ca\/product\/smart-program-financial-fitness-shape-up-your-business-financials\/#ch1\">Comprendre vos finances<\/a><\/li>\n<li>Chapitre 2 | <a href=\"https:\/\/we-bc.ca\/product\/smart-program-financial-fitness-shape-up-your-business-financials\/#ch2\">Les finances de votre entreprise<\/a><\/li>\n<li>Chapitre 3 | <a href=\"https:\/\/we-bc.ca\/product\/smart-program-financial-fitness-shape-up-your-business-financials\/#ch3\">Gestion financi\u00e8re<\/a><\/li>\n<\/ul>\n<p>Toutes les sessions sont offertes sur la plateforme d\u2019apprentissage sur demande de WeBC, et comprennent des cahiers d\u2019exercices t\u00e9l\u00e9chargeables. Apr\u00e8s avoir suivi le cours, vous pouvez contacter un conseiller en affaires de WeBC pour obtenir un soutien gratuit afin de d\u00e9velopper votre strat\u00e9gie financi\u00e8re.<\/p>\n<p>Gr\u00e2ce au financement de la Strat\u00e9gie pour les femmes en entrepreneuriat du gouvernement du Canada, le programme SMART de WeBC est gratuit pour l\u2019ann\u00e9e 2025!<\/p>\n<h3>Voici ce qui est inclus<\/h3>\n<ul>\n<li>Acc\u00e8s au module d\u2019apprentissage financier sur notre plateforme d\u2019apprentissage sur demande<\/li>\n<li>Accompagnement par un conseiller en affaires<\/li>\n<\/ul>\n<h3>\u00c0 propos des sessions<\/h3>\n<p><a name=\"ch1\"><\/a><\/p>\n<h4>Chapitre 1 | Comprendre vos finances<\/h4>\n<p>Dans le chapitre 1, vous d\u00e9couvrirez les concepts financiers de base dans le contexte de vos finances personnelles, ce qui vous permettra d\u2019acqu\u00e9rir la confiance n\u00e9cessaire pour appliquer ces m\u00eames concepts \u00e0 la gestion des finances de votre entreprise. Ce chapitre pr\u00e9sente les concepts suivants :<\/p>\n<ul>\n<li>Comprendre votre flux de tr\u00e9sorerie personnel<\/li>\n<li>\u00c9tablir un bilan personnel<\/li>\n<li>L\u2019importance de s\u00e9parer les finances personnelles et les finances de l\u2019entreprise<\/li>\n<\/ul>\n<p><a name=\"ch2\"><\/a><\/p>\n<h4>Chapitre 2 \u2014 Les finances de votre entreprise<\/h4>\n<p>Le chapitre 2 couvre trois \u00e9tats financiers couramment utilis\u00e9s : le tableau des flux de tr\u00e9sorerie, le compte de r\u00e9sultat et le bilan. En parcourant chaque \u00e9tat financier \u00e9tape par \u00e9tape, vous apprendrez \u00e0 cr\u00e9er, \u00e0 lire et \u00e0 comprendre ces \u00e9tats dans le cadre de l\u2019activit\u00e9 de votre entreprise.<\/p>\n<p>Dans ce chapitre, nous ferons des exercices pratiques pour vous aider \u00e0 comprendre le type d\u2019\u00e9tats financiers que vous devez utiliser et ce qu\u2019ils peuvent vous dire sur la sant\u00e9 de votre entreprise.<\/p>\n<p>\u00c0 la fin de ce chapitre, vous pourrez :<\/p>\n<ul>\n<li>comprendre comment pr\u00e9voir les entr\u00e9es et sorties de fonds de votre entreprise, afin de r\u00e9duire le risque d\u2019insuffisance de tr\u00e9sorerie et de fournir des projections aux pr\u00eateurs potentiels;<\/li>\n<li>cr\u00e9er un tableau des flux de tr\u00e9sorerie, un compte de r\u00e9sultat et un bilan pour votre entreprise;<\/li>\n<li>calculer le co\u00fbt des marchandises vendues;<\/li>\n<li>comprendre ce qu\u2019est la d\u00e9pr\u00e9ciation.<\/li>\n<\/ul>\n<p>Que vous g\u00e9riez vous-m\u00eame vos finances ou que vous fassiez appel \u00e0 un comptable, ce chapitre vous aidera \u00e0 comprendre les donn\u00e9es et \u00e0 prendre des d\u00e9cisions financi\u00e8res avis\u00e9es.<br \/>\n<a name=\"ch3\"><\/a><\/p>\n<h4>Chapitre 3 \u2014 Gestion financi\u00e8re<\/h4>\n<p>Vous \u00eates la personne qui prend les d\u00e9cisions cl\u00e9s dans votre entreprise. Il est donc tr\u00e8s important que vous adoptiez un style de gestion proactif plut\u00f4t que r\u00e9actif. La gestion financi\u00e8re n\u2019est peut-\u00eatre pas votre passion, mais elle fait partie de votre travail. Dans ce chapitre, vous d\u00e9couvrirez deux points importants \u00e0 prendre en compte pour une gestion financi\u00e8re efficace :<\/p>\n<ul>\n<li>Analyse du seuil de rentabilit\u00e9 \u2014 quel est le chiffre magique \u00e0 partir duquel vous commencez \u00e0 faire du profit?<\/li>\n<li>Politiques en mati\u00e8re de cr\u00e9dit et de recouvrement \u2014 devez-vous proposer un cr\u00e9dit et quels sont les \u00e9l\u00e9ments \u00e0 prendre en compte?<\/li>\n<\/ul>\n<h3>\u00c0 qui s\u2019adresse ce programme?<\/h3>\n<p>Ce module introductif est ouvert \u00e0 toute personne souhaitant am\u00e9liorer ses connaissances financi\u00e8res, acqu\u00e9rir de nouvelles comp\u00e9tences et se sentir plus \u00e0 l\u2019aise pour g\u00e9rer l\u2019argent de son entreprise.<\/p>\n<p>&nbsp;<\/p>\n<hr \/>\n<p style=\"text-align: left;\"><strong>Ce programme est financ\u00e9 par la <a href=\"https:\/\/ised-isde.canada.ca\/site\/women-entrepreneurship-strategy\/en\/wes-inclusive-women-venture-capital-initiative\">Strat\u00e9gie pour l&rsquo;entrepreneuriat f\u00e9minin<\/a> du gouvernement du Canada.<\/strong><\/p>\n<p><img decoding=\"async\" class=\"alignnone wp-image-62904 alignleft\" src=\"https:\/\/we-bc.ca\/wp-content\/uploads\/2023\/05\/ISED-ISDE-45e.png-black.png\" alt=\"Innovation, science et d\u00e9veloppement \u00e9conomique Canada\" width=\"392\" height=\"21\" \/ loading=\"lazy\" srcset=\"https:\/\/we-bc.ca\/wp-content\/uploads\/2023\/05\/ISED-ISDE-45e.png-black.png 1821w, https:\/\/we-bc.ca\/wp-content\/uploads\/2023\/05\/ISED-ISDE-45e.png-black-360x19.png 360w, https:\/\/we-bc.ca\/wp-content\/uploads\/2023\/05\/ISED-ISDE-45e.png-black-600x32.png 600w, https:\/\/we-bc.ca\/wp-content\/uploads\/2023\/05\/ISED-ISDE-45e.png-black-768x41.png 768w, https:\/\/we-bc.ca\/wp-content\/uploads\/2023\/05\/ISED-ISDE-45e.png-black-1536x82.png 1536w\" sizes=\"auto, (max-width: 392px) 100vw, 392px\" \/><\/p>\n","protected":false},"excerpt":{"rendered":"<p><strong>Disponible en anglais et en fran\u00e7ais<\/strong><\/p>\n<p><a href=\"https:\/\/we-bc.ca\/product\/smart-program-financial-fitness-shape-up-your-business-financials\/\"><strong>[Click here to purchase this course in English]<\/strong><\/a><\/p>\n","protected":false},"featured_media":75354,"comment_status":"open","ping_status":"closed","template":"","meta":{"_acf_changed":false},"product_brand":[],"product_cat":[1530,1507,1534],"product_tag":[1532,1533,1531],"class_list":{"0":"post-73616","1":"product","2":"type-product","3":"status-publish","4":"has-post-thumbnail","6":"product_cat-developpement-des-competences","7":"product_cat-programmes-smart","8":"product_cat-tous-les-produits","9":"product_tag-a-la-demande","10":"product_tag-financier","11":"product_tag-smart-fr","13":"first","14":"instock","15":"sale","16":"virtual","17":"purchasable","18":"product-type-simple"},"bundled_by":[],"bundle_stock_status":"instock","bundle_stock_quantity":null,"bundle_virtual":false,"bundle_layout":"","bundle_add_to_cart_form_location":"","bundle_editable_in_cart":false,"bundle_sold_individually_context":"","bundle_item_grouping":"","bundle_min_size":"","bundle_max_size":"","bundle_price":[],"bundled_items":[],"bundle_sell_ids":[],"acf":[],"yoast_head":"<!-- This site is optimized with the Yoast SEO plugin v27.4 - https:\/\/yoast.com\/product\/yoast-seo-wordpress\/ -->\n<title>Programme SMART | La sant\u00e9 financi\u00e8re : maintenir votre entreprise en bonne sant\u00e9 financi\u00e8re - WeBC<\/title>\n<meta name=\"robots\" content=\"index, follow, max-snippet:-1, max-image-preview:large, max-video-preview:-1\" \/>\n<link rel=\"canonical\" href=\"https:\/\/we-bc.ca\/fr\/product\/programme-smart-la-sante-financiere-maintenir-votre-entreprise-en-bonne-sante-financiere\/\" \/>\n<meta property=\"og:locale\" content=\"fr_FR\" \/>\n<meta property=\"og:type\" content=\"article\" \/>\n<meta property=\"og:title\" content=\"Programme SMART | La sant\u00e9 financi\u00e8re : maintenir votre entreprise en bonne sant\u00e9 financi\u00e8re - WeBC\" \/>\n<meta property=\"og:description\" content=\"Disponible en anglais et en fran\u00e7ais  [Click here to purchase this course in English]\" \/>\n<meta property=\"og:url\" content=\"https:\/\/we-bc.ca\/fr\/product\/programme-smart-la-sante-financiere-maintenir-votre-entreprise-en-bonne-sante-financiere\/\" \/>\n<meta property=\"og:site_name\" content=\"WeBC\" \/>\n<meta property=\"article:modified_time\" content=\"2025-03-31T17:17:37+00:00\" \/>\n<meta property=\"og:image\" content=\"https:\/\/we-bc.ca\/wp-content\/uploads\/2023\/11\/FR-FinFit-Product.png\" \/>\n\t<meta property=\"og:image:width\" content=\"1080\" \/>\n\t<meta property=\"og:image:height\" content=\"1080\" \/>\n\t<meta property=\"og:image:type\" content=\"image\/png\" \/>\n<meta name=\"twitter:card\" content=\"summary_large_image\" \/>\n<meta name=\"twitter:label1\" content=\"Dur\u00e9e de lecture estim\u00e9e\" \/>\n\t<meta name=\"twitter:data1\" content=\"4 minutes\" \/>\n<script type=\"application\/ld+json\" class=\"yoast-schema-graph\">{\"@context\":\"https:\\\/\\\/schema.org\",\"@graph\":[{\"@type\":\"WebPage\",\"@id\":\"https:\\\/\\\/we-bc.ca\\\/fr\\\/product\\\/programme-smart-la-sante-financiere-maintenir-votre-entreprise-en-bonne-sante-financiere\\\/\",\"url\":\"https:\\\/\\\/we-bc.ca\\\/fr\\\/product\\\/programme-smart-la-sante-financiere-maintenir-votre-entreprise-en-bonne-sante-financiere\\\/\",\"name\":\"Programme SMART | La sant\u00e9 financi\u00e8re : maintenir votre entreprise en bonne sant\u00e9 financi\u00e8re - WeBC\",\"isPartOf\":{\"@id\":\"https:\\\/\\\/we-bc.ca\\\/fr\\\/#website\"},\"primaryImageOfPage\":{\"@id\":\"https:\\\/\\\/we-bc.ca\\\/fr\\\/product\\\/programme-smart-la-sante-financiere-maintenir-votre-entreprise-en-bonne-sante-financiere\\\/#primaryimage\"},\"image\":{\"@id\":\"https:\\\/\\\/we-bc.ca\\\/fr\\\/product\\\/programme-smart-la-sante-financiere-maintenir-votre-entreprise-en-bonne-sante-financiere\\\/#primaryimage\"},\"thumbnailUrl\":\"https:\\\/\\\/we-bc.ca\\\/wp-content\\\/uploads\\\/2023\\\/11\\\/FR-FinFit-Product.png\",\"datePublished\":\"2023-11-28T06:12:24+00:00\",\"dateModified\":\"2025-03-31T17:17:37+00:00\",\"breadcrumb\":{\"@id\":\"https:\\\/\\\/we-bc.ca\\\/fr\\\/product\\\/programme-smart-la-sante-financiere-maintenir-votre-entreprise-en-bonne-sante-financiere\\\/#breadcrumb\"},\"inLanguage\":\"fr-FR\",\"potentialAction\":[{\"@type\":\"ReadAction\",\"target\":[\"https:\\\/\\\/we-bc.ca\\\/fr\\\/product\\\/programme-smart-la-sante-financiere-maintenir-votre-entreprise-en-bonne-sante-financiere\\\/\"]}]},{\"@type\":\"ImageObject\",\"inLanguage\":\"fr-FR\",\"@id\":\"https:\\\/\\\/we-bc.ca\\\/fr\\\/product\\\/programme-smart-la-sante-financiere-maintenir-votre-entreprise-en-bonne-sante-financiere\\\/#primaryimage\",\"url\":\"https:\\\/\\\/we-bc.ca\\\/wp-content\\\/uploads\\\/2023\\\/11\\\/FR-FinFit-Product.png\",\"contentUrl\":\"https:\\\/\\\/we-bc.ca\\\/wp-content\\\/uploads\\\/2023\\\/11\\\/FR-FinFit-Product.png\",\"width\":1080,\"height\":1080},{\"@type\":\"BreadcrumbList\",\"@id\":\"https:\\\/\\\/we-bc.ca\\\/fr\\\/product\\\/programme-smart-la-sante-financiere-maintenir-votre-entreprise-en-bonne-sante-financiere\\\/#breadcrumb\",\"itemListElement\":[{\"@type\":\"ListItem\",\"position\":1,\"name\":\"Home\",\"item\":\"https:\\\/\\\/we-bc.ca\\\/fr\\\/\"},{\"@type\":\"ListItem\",\"position\":2,\"name\":\"Shop\",\"item\":\"https:\\\/\\\/we-bc.ca\\\/shop\\\/\"},{\"@type\":\"ListItem\",\"position\":3,\"name\":\"Programme SMART | La sant\u00e9 financi\u00e8re : maintenir votre entreprise en bonne sant\u00e9 financi\u00e8re\"}]},{\"@type\":\"WebSite\",\"@id\":\"https:\\\/\\\/we-bc.ca\\\/fr\\\/#website\",\"url\":\"https:\\\/\\\/we-bc.ca\\\/fr\\\/\",\"name\":\"WeBC\",\"description\":\"Supporting Women Entrepreneurs in BC\",\"potentialAction\":[{\"@type\":\"SearchAction\",\"target\":{\"@type\":\"EntryPoint\",\"urlTemplate\":\"https:\\\/\\\/we-bc.ca\\\/fr\\\/?s={search_term_string}\"},\"query-input\":{\"@type\":\"PropertyValueSpecification\",\"valueRequired\":true,\"valueName\":\"search_term_string\"}}],\"inLanguage\":\"fr-FR\"}]}<\/script>\n<!-- \/ Yoast SEO plugin. -->","yoast_head_json":{"title":"Programme SMART | La sant\u00e9 financi\u00e8re : maintenir votre entreprise en bonne sant\u00e9 financi\u00e8re - WeBC","robots":{"index":"index","follow":"follow","max-snippet":"max-snippet:-1","max-image-preview":"max-image-preview:large","max-video-preview":"max-video-preview:-1"},"canonical":"https:\/\/we-bc.ca\/fr\/product\/programme-smart-la-sante-financiere-maintenir-votre-entreprise-en-bonne-sante-financiere\/","og_locale":"fr_FR","og_type":"article","og_title":"Programme SMART | La sant\u00e9 financi\u00e8re : maintenir votre entreprise en bonne sant\u00e9 financi\u00e8re - WeBC","og_description":"Disponible en anglais et en fran\u00e7ais  [Click here to purchase this course in English]","og_url":"https:\/\/we-bc.ca\/fr\/product\/programme-smart-la-sante-financiere-maintenir-votre-entreprise-en-bonne-sante-financiere\/","og_site_name":"WeBC","article_modified_time":"2025-03-31T17:17:37+00:00","og_image":[{"width":1080,"height":1080,"url":"https:\/\/we-bc.ca\/wp-content\/uploads\/2023\/11\/FR-FinFit-Product.png","type":"image\/png"}],"twitter_card":"summary_large_image","twitter_misc":{"Dur\u00e9e de lecture estim\u00e9e":"4 minutes"},"schema":{"@context":"https:\/\/schema.org","@graph":[{"@type":"WebPage","@id":"https:\/\/we-bc.ca\/fr\/product\/programme-smart-la-sante-financiere-maintenir-votre-entreprise-en-bonne-sante-financiere\/","url":"https:\/\/we-bc.ca\/fr\/product\/programme-smart-la-sante-financiere-maintenir-votre-entreprise-en-bonne-sante-financiere\/","name":"Programme SMART | La sant\u00e9 financi\u00e8re : maintenir votre entreprise en bonne sant\u00e9 financi\u00e8re - WeBC","isPartOf":{"@id":"https:\/\/we-bc.ca\/fr\/#website"},"primaryImageOfPage":{"@id":"https:\/\/we-bc.ca\/fr\/product\/programme-smart-la-sante-financiere-maintenir-votre-entreprise-en-bonne-sante-financiere\/#primaryimage"},"image":{"@id":"https:\/\/we-bc.ca\/fr\/product\/programme-smart-la-sante-financiere-maintenir-votre-entreprise-en-bonne-sante-financiere\/#primaryimage"},"thumbnailUrl":"https:\/\/we-bc.ca\/wp-content\/uploads\/2023\/11\/FR-FinFit-Product.png","datePublished":"2023-11-28T06:12:24+00:00","dateModified":"2025-03-31T17:17:37+00:00","breadcrumb":{"@id":"https:\/\/we-bc.ca\/fr\/product\/programme-smart-la-sante-financiere-maintenir-votre-entreprise-en-bonne-sante-financiere\/#breadcrumb"},"inLanguage":"fr-FR","potentialAction":[{"@type":"ReadAction","target":["https:\/\/we-bc.ca\/fr\/product\/programme-smart-la-sante-financiere-maintenir-votre-entreprise-en-bonne-sante-financiere\/"]}]},{"@type":"ImageObject","inLanguage":"fr-FR","@id":"https:\/\/we-bc.ca\/fr\/product\/programme-smart-la-sante-financiere-maintenir-votre-entreprise-en-bonne-sante-financiere\/#primaryimage","url":"https:\/\/we-bc.ca\/wp-content\/uploads\/2023\/11\/FR-FinFit-Product.png","contentUrl":"https:\/\/we-bc.ca\/wp-content\/uploads\/2023\/11\/FR-FinFit-Product.png","width":1080,"height":1080},{"@type":"BreadcrumbList","@id":"https:\/\/we-bc.ca\/fr\/product\/programme-smart-la-sante-financiere-maintenir-votre-entreprise-en-bonne-sante-financiere\/#breadcrumb","itemListElement":[{"@type":"ListItem","position":1,"name":"Home","item":"https:\/\/we-bc.ca\/fr\/"},{"@type":"ListItem","position":2,"name":"Shop","item":"https:\/\/we-bc.ca\/shop\/"},{"@type":"ListItem","position":3,"name":"Programme SMART | La sant\u00e9 financi\u00e8re : maintenir votre entreprise en bonne sant\u00e9 financi\u00e8re"}]},{"@type":"WebSite","@id":"https:\/\/we-bc.ca\/fr\/#website","url":"https:\/\/we-bc.ca\/fr\/","name":"WeBC","description":"Supporting Women Entrepreneurs in BC","potentialAction":[{"@type":"SearchAction","target":{"@type":"EntryPoint","urlTemplate":"https:\/\/we-bc.ca\/fr\/?s={search_term_string}"},"query-input":{"@type":"PropertyValueSpecification","valueRequired":true,"valueName":"search_term_string"}}],"inLanguage":"fr-FR"}]}},"_links":{"self":[{"href":"https:\/\/we-bc.ca\/fr\/wp-json\/wp\/v2\/product\/73616","targetHints":{"allow":["GET"]}}],"collection":[{"href":"https:\/\/we-bc.ca\/fr\/wp-json\/wp\/v2\/product"}],"about":[{"href":"https:\/\/we-bc.ca\/fr\/wp-json\/wp\/v2\/types\/product"}],"replies":[{"embeddable":true,"href":"https:\/\/we-bc.ca\/fr\/wp-json\/wp\/v2\/comments?post=73616"}],"wp:featuredmedia":[{"embeddable":true,"href":"https:\/\/we-bc.ca\/fr\/wp-json\/wp\/v2\/media\/75354"}],"wp:attachment":[{"href":"https:\/\/we-bc.ca\/fr\/wp-json\/wp\/v2\/media?parent=73616"}],"wp:term":[{"taxonomy":"product_brand","embeddable":true,"href":"https:\/\/we-bc.ca\/fr\/wp-json\/wp\/v2\/product_brand?post=73616"},{"taxonomy":"product_cat","embeddable":true,"href":"https:\/\/we-bc.ca\/fr\/wp-json\/wp\/v2\/product_cat?post=73616"},{"taxonomy":"product_tag","embeddable":true,"href":"https:\/\/we-bc.ca\/fr\/wp-json\/wp\/v2\/product_tag?post=73616"}],"curies":[{"name":"wp","href":"https:\/\/api.w.org\/{rel}","templated":true}]}}