{"id":74555,"date":"2023-11-27T23:31:15","date_gmt":"2023-11-28T06:31:15","guid":{"rendered":"https:\/\/we-bc.ca\/product\/programme-smart-marketing-strategique-marketing-strategique-elaborer-un-plan-de-marketing-pour-votre-petite-entreprise\/"},"modified":"2025-04-14T18:28:26","modified_gmt":"2025-04-14T18:28:26","slug":"programme-smart-marketing-strategique-marketing-strategique-elaborer-un-plan-de-marketing-pour-votre-petite-entreprise","status":"publish","type":"product","link":"https:\/\/we-bc.ca\/fr\/product\/programme-smart-marketing-strategique-marketing-strategique-elaborer-un-plan-de-marketing-pour-votre-petite-entreprise\/","title":{"rendered":"Programme SMART | Marketing strat\u00e9gique : \u00e9laborer un plan de marketing pour votre petite entreprise"},"content":{"rendered":"<p><strong>Apprenez les techniques de marketing strat\u00e9gique pour les petites entreprises !<\/strong><\/p>\n<p>WeBC a le plaisir de vous pr\u00e9senter ce cours \u00e0 rythme libre pour vous aider \u00e0 cr\u00e9er une strat\u00e9gie coh\u00e9rente qui vous permettra de prendre de meilleures d\u00e9cisions en mati\u00e8re de marketing et d&rsquo;optimiser votre temps et votre budget.<\/p>\n<p>&nbsp;<\/p>\n<h3>Dans le cadre des programmes SMART de WeBC<\/h3>\n<p>\u00ab Marketing strat\u00e9gique \u00bb fait partie de notre s\u00e9rie de programmes SMART, vous pouvez donc travailler sur le contenu \u00e0 votre propre rythme sur notre plateforme d\u2019apprentissage sur demande. \u00ab Marketing strat\u00e9gique \u00bb fait partie de notre s\u00e9rie de <a href=\"https:\/\/we-bc.ca\/smart-on-demand-learning-for-women-business-owners\/\" target=\"_blank\" rel=\"noopener\">programmes SMART<\/a>, vous pouvez donc travailler sur le contenu \u00e0 votre propre rythme sur notre plateforme d\u2019apprentissage sur demande. Le cours est con\u00e7u pour vous aider \u00e0 comprendre les concepts cl\u00e9s, \u00e0 travailler sur des \u00e9tudes de cas interactives et \u00e0 r\u00e9aliser des activit\u00e9s qui appliquent les connaissances acquises \u00e0 votre propre entreprise.<\/p>\n<p>&nbsp;<\/p>\n<h3>\u00c0 propos du cours de marketing strat\u00e9gique<\/h3>\n<p>Dois-je faire de la publicit\u00e9 ici ou l\u00e0? Pourquoi les gens qui me suivent sur les r\u00e9seaux ne se transforment-ils pas en clients? Ai-je vraiment besoin d\u2019\u00eatre sur TikTok? Ce sont des questions que les conseillers en affaires de WeBC entendent souvent.<\/p>\n<p>Lorsque l\u2019on demande aux propri\u00e9taires d\u2019entreprise quelle est leur strat\u00e9gie de marketing, beaucoup pensent \u00e0 leur site Web, aux m\u00e9dias sociaux ou \u00e0 la publicit\u00e9. Tous ces \u00e9l\u00e9ments font partie du marketing, mais ils ne constituent pas une strat\u00e9gie. Ce sont des tactiques. L\u2019efficacit\u00e9 des tactiques d\u00e9pend de la strat\u00e9gie sur laquelle elles reposent &#8211; autrement dit, le POURQUOI du marketing.<\/p>\n<p>\u00ab Marketing strat\u00e9gique : \u00e9laborer un plan de marketing pour votre petite entreprise \u00bb de WeBC est un module d\u2019auto-apprentissage qui vous aidera \u00e0 transformer vos id\u00e9es en un plan de marketing pour votre entreprise.<\/p>\n<p>Cette formation interactive sur demande passe en revue les six cl\u00e9s et les sept \u00e9tapes d\u2019un marketing efficace afin que vous puissiez cr\u00e9er une strat\u00e9gie coh\u00e9rente qui vous aidera \u00e0 prendre de meilleures d\u00e9cisions en mati\u00e8re de marketing et \u00e0 optimiser votre temps et votre budget.<\/p>\n<p>Ce module d\u2019apprentissage \u00e0 rythme libre est propos\u00e9 en trois parties :<\/p>\n<ul>\n<li>Chapitre 1 | <a href=\"https:\/\/we-bc.ca\/product\/smart-program-maximum-marketing-minimum-effort-build-a-strategy-specific-to-your-business\/#ch1\">Marketing strat\u00e9gique : travailler intelligemment, et non pas durement<\/a><\/li>\n<li>Chapitre 2 | <a href=\"https:\/\/we-bc.ca\/product\/smart-program-maximum-marketing-minimum-effort-build-a-strategy-specific-to-your-business\/#ch2\">Recherche : comprendre vos clients les plus pr\u00e9cieux<\/a><\/li>\n<li>Chapitre 3 | <a href=\"https:\/\/we-bc.ca\/product\/smart-program-maximum-marketing-minimum-effort-build-a-strategy-specific-to-your-business\/#ch3\">Strat\u00e9gie : transmettre le bon message au bon endroit<\/a><\/li>\n<\/ul>\n<p>Tous les chapitres sont disponibles sur demande et comprennent un <a href=\"https:\/\/we-bc.ca\/product\/focused-marketing-workbook\/\">Manuel de marketing cibl\u00e9 t\u00e9l\u00e9chargeable<\/a> (d\u2019une valeur de 15 $) pour travailler sur chaque \u00e9tape.<\/p>\n<p>\u00c0 la fin de ce module, vous aurez acquis les comp\u00e9tences et les ressources n\u00e9cessaires pour cr\u00e9er un plan de marketing strat\u00e9gique pour votre entreprise. De plus, vous pourrez vous mettre en relation avec un conseiller en affaires qui vous apportera un soutien gratuit pour d\u00e9velopper votre strat\u00e9gie de marketing.<\/p>\n<p>&nbsp;<\/p>\n<h3>Voici ce qui est inclus<\/h3>\n<ul>\n<li>Acc\u00e8s au module de marketing strat\u00e9gique sur notre plateforme d\u2019apprentissage sur demande.<\/li>\n<li>Accompagnement par un <a href=\"https:\/\/we-bc.ca\/what-we-offer\/advisory-services\/\" target=\"_blank\" rel=\"noopener\">conseiller en affaires<\/a>.<\/li>\n<\/ul>\n<p>&nbsp;<\/p>\n<h3>\u00c0 propos des sessions<\/h3>\n<p><a name=\"ch1\"><\/a><\/p>\n<h4>Chapitre 1 | Marketing strat\u00e9gique : travailler intelligemment, et non pas durement<\/h4>\n<p>Lorsque vos ressources sont limit\u00e9es, il est important que votre temps et votre argent servent \u00e0 produire l\u2019impact marketing le plus fort possible. Dans ce chapitre, nous vous pr\u00e9senterons les six cl\u00e9s du marketing \u00ab de bon sens \u00bb. Vous d\u00e9couvrirez comment appliquer \u00e0 votre travail des maximes \u00e9prouv\u00e9es, afin de consacrer moins de temps aux t\u00e2ches de marketing et de vous concentrer sur ce qui marche vraiment pour votre entreprise.<\/p>\n<p>Ce chapitre vous aidera \u00e0 :<\/p>\n<ul>\n<li>Faire le bilan du temps et de l\u2019argent que vous avez consacr\u00e9s au marketing dans le pass\u00e9, et de ce que vous pouvez raisonnablement investir \u00e0 l\u2019avenir;<\/li>\n<li>Comprendre les 6 cl\u00e9s qui vous aideront \u00e0 adopter une approche plus strat\u00e9gique du marketing.<\/li>\n<\/ul>\n<p><a name=\"ch2\"><\/a><\/p>\n<h4>Chapitre 2 | Recherche : comprendre vos clients les plus pr\u00e9cieux<\/h4>\n<p>Lorsque vous savez qui sont vos clients, o\u00f9 ces clients se trouvent et ce qui les int\u00e9resse, vos d\u00e9cisions marketing deviennent beaucoup plus faciles \u00e0 prendre. Comprendre votre march\u00e9 cible vous permet de vous concentrer sur les segments les plus int\u00e9ressants qui g\u00e9n\u00e8rent des ventes, de sorte que vous ne vous contentez pas simplement de jeter un vaste filet pour voir qui voudra bien vous acheter quelque chose. Dans ce chapitre, nous aborderons les quatre premi\u00e8res \u00e9tapes du marketing strat\u00e9gique pour vous aider \u00e0 identifier et \u00e0 comprendre vos meilleurs clients potentiels.<\/p>\n<p>Ce chapitre comprend des activit\u00e9s interactives pour vous encourager \u00e0 d\u00e9couvrir vos clients et \u00e0 faire des recherches :<\/p>\n<ul>\n<li>\u00c9tape 1 : Fondements personnels &#8211; rappelez-vous votre \u00ab pourquoi \u00bb<\/li>\n<li>\u00c9tape 2 : Segmenter vos clients &#8211; comment r\u00e9partir vos clients en groupes faciles \u00e0 g\u00e9rer<\/li>\n<li>\u00c9tape 3 : Cibler vos clients &#8211; d\u00e9terminez les segments qui ont le plus grand potentiel d\u2019achat<\/li>\n<li>\u00c9tape 4 : Comprendre comment et pourquoi ils ach\u00e8tent &#8211; apprenez \u00e0 conna\u00eetre leurs motivations et leurs comportements<\/li>\n<\/ul>\n<p><a name=\"ch3\"><\/a><\/p>\n<h4>Chapitre 3 | Strat\u00e9gie : transmettre le bon message au bon endroit<\/h4>\n<p>Maintenant que vous savez \u00e0 qui vous vous adressez, ce chapitre vous aide \u00e0 transmettre un message clair, coh\u00e9rent et attrayant. Votre message ne se limite pas \u00e0 ce que vous dites, il inclut les types de produits ou de services que vous proposez et la mani\u00e8re dont vous les fournissez, vos prix, ce que les clients peuvent attendre de vous, et bien d\u2019autres choses encore!<\/p>\n<p>Dans ce chapitre, vous utiliserez le cahier d\u2019exercices qui l\u2019accompagne pour r\u00e9aliser les trois derni\u00e8res \u00e9tapes du marketing strat\u00e9gique :<\/p>\n<ul>\n<li>\u00c9tape 5 : Cr\u00e9er le message &#8211; d\u00e9couvrez toutes les fa\u00e7ons d\u2019envoyer un message;<\/li>\n<li>\u00c9tape 6 : Choisir les outils de marketing &#8211; trouvez les meilleurs endroits pour vous connecter avec vos clients de mani\u00e8re syst\u00e9matique;<\/li>\n<li>\u00c9tape 7 : Cartographier votre marketing &#8211; int\u00e9grez toutes ces connaissances dans un plan coh\u00e9rent.<\/li>\n<\/ul>\n<h2>\u00c0 qui s\u2019adresse ce programme?<\/h2>\n<p>Cette s\u00e9rie d\u2019introduction est ouverte \u00e0 toutes les personnes qui souhaitent apprendre \u00e0 mieux cibler leurs efforts de marketing, \u00e0 obtenir des r\u00e9sultats tangibles, \u00e0 se connecter avec succ\u00e8s avec leur client optimal et \u00e0 se sentir plus confiantes dans l\u2019\u00e9laboration de leur strat\u00e9gie de marketing.<\/p>\n<p>Gr\u00e2ce \u00e0 la Strat\u00e9gie pour les femmes en entrepreneuriat du gouvernement du Canada, l\u2019acc\u00e8s \u00e0 ce cours est actuellement gratuit!<\/p>\n<p>&nbsp;<\/p>\n<hr \/>\n<p style=\"text-align: left;\"><strong>Ce programme est financ\u00e9 par la <a href=\"https:\/\/ised-isde.canada.ca\/site\/women-entrepreneurship-strategy\/en\/wes-inclusive-women-venture-capital-initiative\">Strat\u00e9gie pour l&rsquo;entrepreneuriat f\u00e9minin<\/a> du gouvernement du Canada.<\/strong><\/p>\n<p><img decoding=\"async\" class=\"alignnone wp-image-62904 alignleft\" src=\"https:\/\/we-bc.ca\/wp-content\/uploads\/2023\/05\/ISED-ISDE-45e.png-black.png\" alt=\"Innovation, science et d\u00e9veloppement \u00e9conomique Canada\" width=\"392\" height=\"21\" \/ loading=\"lazy\" srcset=\"https:\/\/we-bc.ca\/wp-content\/uploads\/2023\/05\/ISED-ISDE-45e.png-black.png 1821w, https:\/\/we-bc.ca\/wp-content\/uploads\/2023\/05\/ISED-ISDE-45e.png-black-360x19.png 360w, https:\/\/we-bc.ca\/wp-content\/uploads\/2023\/05\/ISED-ISDE-45e.png-black-600x32.png 600w, https:\/\/we-bc.ca\/wp-content\/uploads\/2023\/05\/ISED-ISDE-45e.png-black-768x41.png 768w, https:\/\/we-bc.ca\/wp-content\/uploads\/2023\/05\/ISED-ISDE-45e.png-black-1536x82.png 1536w\" sizes=\"auto, (max-width: 392px) 100vw, 392px\" \/><\/p>\n","protected":false},"excerpt":{"rendered":"<p><strong>Disponible en anglais et en fran\u00e7ais<\/strong><\/p>\n<p><a href=\"https:\/\/we-bc.ca\/product\/smart-program-maximum-marketing-minimum-effort-build-a-strategy-specific-to-your-business\/\"><strong>[Click here to purchase this course in English]<\/strong><\/a><\/p>\n","protected":false},"featured_media":74681,"comment_status":"open","ping_status":"closed","template":"","meta":{"_acf_changed":false},"product_brand":[],"product_cat":[1530,1507,1534],"product_tag":[1532,1555,1531],"class_list":{"0":"post-74555","1":"product","2":"type-product","3":"status-publish","4":"has-post-thumbnail","6":"product_cat-developpement-des-competences","7":"product_cat-programmes-smart","8":"product_cat-tous-les-produits","9":"product_tag-a-la-demande","10":"product_tag-marketing-fr","11":"product_tag-smart-fr","13":"first","14":"instock","15":"sale","16":"virtual","17":"purchasable","18":"product-type-simple"},"bundled_by":[],"bundle_stock_status":"instock","bundle_stock_quantity":null,"bundle_virtual":false,"bundle_layout":"","bundle_add_to_cart_form_location":"","bundle_editable_in_cart":false,"bundle_sold_individually_context":"","bundle_item_grouping":"","bundle_min_size":"","bundle_max_size":"","bundle_price":[],"bundled_items":[],"bundle_sell_ids":[],"acf":[],"yoast_head":"<!-- This site is optimized with the Yoast SEO plugin v27.4 - https:\/\/yoast.com\/product\/yoast-seo-wordpress\/ -->\n<title>[FREE] Cours de marketing strat\u00e9gique pour les petites entreprises - WeBC %%.<\/title>\n<meta name=\"description\" content=\"Apprenez \u00e0 \u00e9laborer un plan de marketing strat\u00e9gique. Cours autodidacte pour les femmes au Canada. Identifier un march\u00e9 cible, choisir ses outils de marketing et plus encore !\" \/>\n<meta name=\"robots\" content=\"index, follow, max-snippet:-1, max-image-preview:large, max-video-preview:-1\" \/>\n<link rel=\"canonical\" href=\"https:\/\/we-bc.ca\/fr\/product\/programme-smart-marketing-strategique-marketing-strategique-elaborer-un-plan-de-marketing-pour-votre-petite-entreprise\/\" \/>\n<meta property=\"og:locale\" content=\"fr_FR\" \/>\n<meta property=\"og:type\" content=\"article\" \/>\n<meta property=\"og:title\" content=\"[FREE] Cours de marketing strat\u00e9gique pour les petites entreprises - WeBC %%.\" \/>\n<meta property=\"og:description\" content=\"Apprenez \u00e0 \u00e9laborer un plan de marketing strat\u00e9gique. Cours autodidacte pour les femmes au Canada. Identifier un march\u00e9 cible, choisir ses outils de marketing et plus encore !\" \/>\n<meta property=\"og:url\" content=\"https:\/\/we-bc.ca\/fr\/product\/programme-smart-marketing-strategique-marketing-strategique-elaborer-un-plan-de-marketing-pour-votre-petite-entreprise\/\" \/>\n<meta property=\"og:site_name\" content=\"WeBC\" \/>\n<meta property=\"article:modified_time\" content=\"2025-04-14T18:28:26+00:00\" \/>\n<meta property=\"og:image\" content=\"https:\/\/we-bc.ca\/wp-content\/uploads\/2023\/11\/FR-Marketing-Product.png\" \/>\n\t<meta property=\"og:image:width\" content=\"1080\" \/>\n\t<meta property=\"og:image:height\" content=\"1080\" \/>\n\t<meta property=\"og:image:type\" content=\"image\/png\" \/>\n<meta name=\"twitter:card\" content=\"summary_large_image\" \/>\n<meta name=\"twitter:label1\" content=\"Dur\u00e9e de lecture estim\u00e9e\" \/>\n\t<meta name=\"twitter:data1\" content=\"5 minutes\" \/>\n<script type=\"application\/ld+json\" class=\"yoast-schema-graph\">{\"@context\":\"https:\\\/\\\/schema.org\",\"@graph\":[{\"@type\":\"WebPage\",\"@id\":\"https:\\\/\\\/we-bc.ca\\\/fr\\\/product\\\/programme-smart-marketing-strategique-marketing-strategique-elaborer-un-plan-de-marketing-pour-votre-petite-entreprise\\\/\",\"url\":\"https:\\\/\\\/we-bc.ca\\\/fr\\\/product\\\/programme-smart-marketing-strategique-marketing-strategique-elaborer-un-plan-de-marketing-pour-votre-petite-entreprise\\\/\",\"name\":\"[FREE] Cours de marketing strat\u00e9gique pour les petites entreprises - WeBC %%.\",\"isPartOf\":{\"@id\":\"https:\\\/\\\/we-bc.ca\\\/fr\\\/#website\"},\"primaryImageOfPage\":{\"@id\":\"https:\\\/\\\/we-bc.ca\\\/fr\\\/product\\\/programme-smart-marketing-strategique-marketing-strategique-elaborer-un-plan-de-marketing-pour-votre-petite-entreprise\\\/#primaryimage\"},\"image\":{\"@id\":\"https:\\\/\\\/we-bc.ca\\\/fr\\\/product\\\/programme-smart-marketing-strategique-marketing-strategique-elaborer-un-plan-de-marketing-pour-votre-petite-entreprise\\\/#primaryimage\"},\"thumbnailUrl\":\"https:\\\/\\\/we-bc.ca\\\/wp-content\\\/uploads\\\/2023\\\/11\\\/FR-Marketing-Product.png\",\"datePublished\":\"2023-11-28T06:31:15+00:00\",\"dateModified\":\"2025-04-14T18:28:26+00:00\",\"description\":\"Apprenez \u00e0 \u00e9laborer un plan de marketing strat\u00e9gique. Cours autodidacte pour les femmes au Canada. Identifier un march\u00e9 cible, choisir ses outils de marketing et plus encore !\",\"breadcrumb\":{\"@id\":\"https:\\\/\\\/we-bc.ca\\\/fr\\\/product\\\/programme-smart-marketing-strategique-marketing-strategique-elaborer-un-plan-de-marketing-pour-votre-petite-entreprise\\\/#breadcrumb\"},\"inLanguage\":\"fr-FR\",\"potentialAction\":[{\"@type\":\"ReadAction\",\"target\":[\"https:\\\/\\\/we-bc.ca\\\/fr\\\/product\\\/programme-smart-marketing-strategique-marketing-strategique-elaborer-un-plan-de-marketing-pour-votre-petite-entreprise\\\/\"]}]},{\"@type\":\"ImageObject\",\"inLanguage\":\"fr-FR\",\"@id\":\"https:\\\/\\\/we-bc.ca\\\/fr\\\/product\\\/programme-smart-marketing-strategique-marketing-strategique-elaborer-un-plan-de-marketing-pour-votre-petite-entreprise\\\/#primaryimage\",\"url\":\"https:\\\/\\\/we-bc.ca\\\/wp-content\\\/uploads\\\/2023\\\/11\\\/FR-Marketing-Product.png\",\"contentUrl\":\"https:\\\/\\\/we-bc.ca\\\/wp-content\\\/uploads\\\/2023\\\/11\\\/FR-Marketing-Product.png\",\"width\":1080,\"height\":1080},{\"@type\":\"BreadcrumbList\",\"@id\":\"https:\\\/\\\/we-bc.ca\\\/fr\\\/product\\\/programme-smart-marketing-strategique-marketing-strategique-elaborer-un-plan-de-marketing-pour-votre-petite-entreprise\\\/#breadcrumb\",\"itemListElement\":[{\"@type\":\"ListItem\",\"position\":1,\"name\":\"Home\",\"item\":\"https:\\\/\\\/we-bc.ca\\\/fr\\\/\"},{\"@type\":\"ListItem\",\"position\":2,\"name\":\"Shop\",\"item\":\"https:\\\/\\\/we-bc.ca\\\/shop\\\/\"},{\"@type\":\"ListItem\",\"position\":3,\"name\":\"Programme SMART | Marketing strat\u00e9gique : \u00e9laborer un plan de marketing pour votre petite entreprise\"}]},{\"@type\":\"WebSite\",\"@id\":\"https:\\\/\\\/we-bc.ca\\\/fr\\\/#website\",\"url\":\"https:\\\/\\\/we-bc.ca\\\/fr\\\/\",\"name\":\"WeBC\",\"description\":\"Supporting Women Entrepreneurs in BC\",\"potentialAction\":[{\"@type\":\"SearchAction\",\"target\":{\"@type\":\"EntryPoint\",\"urlTemplate\":\"https:\\\/\\\/we-bc.ca\\\/fr\\\/?s={search_term_string}\"},\"query-input\":{\"@type\":\"PropertyValueSpecification\",\"valueRequired\":true,\"valueName\":\"search_term_string\"}}],\"inLanguage\":\"fr-FR\"}]}<\/script>\n<!-- \/ Yoast SEO plugin. -->","yoast_head_json":{"title":"[FREE] Cours de marketing strat\u00e9gique pour les petites entreprises - WeBC %%.","description":"Apprenez \u00e0 \u00e9laborer un plan de marketing strat\u00e9gique. Cours autodidacte pour les femmes au Canada. Identifier un march\u00e9 cible, choisir ses outils de marketing et plus encore !","robots":{"index":"index","follow":"follow","max-snippet":"max-snippet:-1","max-image-preview":"max-image-preview:large","max-video-preview":"max-video-preview:-1"},"canonical":"https:\/\/we-bc.ca\/fr\/product\/programme-smart-marketing-strategique-marketing-strategique-elaborer-un-plan-de-marketing-pour-votre-petite-entreprise\/","og_locale":"fr_FR","og_type":"article","og_title":"[FREE] Cours de marketing strat\u00e9gique pour les petites entreprises - WeBC %%.","og_description":"Apprenez \u00e0 \u00e9laborer un plan de marketing strat\u00e9gique. Cours autodidacte pour les femmes au Canada. Identifier un march\u00e9 cible, choisir ses outils de marketing et plus encore !","og_url":"https:\/\/we-bc.ca\/fr\/product\/programme-smart-marketing-strategique-marketing-strategique-elaborer-un-plan-de-marketing-pour-votre-petite-entreprise\/","og_site_name":"WeBC","article_modified_time":"2025-04-14T18:28:26+00:00","og_image":[{"width":1080,"height":1080,"url":"https:\/\/we-bc.ca\/wp-content\/uploads\/2023\/11\/FR-Marketing-Product.png","type":"image\/png"}],"twitter_card":"summary_large_image","twitter_misc":{"Dur\u00e9e de lecture estim\u00e9e":"5 minutes"},"schema":{"@context":"https:\/\/schema.org","@graph":[{"@type":"WebPage","@id":"https:\/\/we-bc.ca\/fr\/product\/programme-smart-marketing-strategique-marketing-strategique-elaborer-un-plan-de-marketing-pour-votre-petite-entreprise\/","url":"https:\/\/we-bc.ca\/fr\/product\/programme-smart-marketing-strategique-marketing-strategique-elaborer-un-plan-de-marketing-pour-votre-petite-entreprise\/","name":"[FREE] Cours de marketing strat\u00e9gique pour les petites entreprises - WeBC %%.","isPartOf":{"@id":"https:\/\/we-bc.ca\/fr\/#website"},"primaryImageOfPage":{"@id":"https:\/\/we-bc.ca\/fr\/product\/programme-smart-marketing-strategique-marketing-strategique-elaborer-un-plan-de-marketing-pour-votre-petite-entreprise\/#primaryimage"},"image":{"@id":"https:\/\/we-bc.ca\/fr\/product\/programme-smart-marketing-strategique-marketing-strategique-elaborer-un-plan-de-marketing-pour-votre-petite-entreprise\/#primaryimage"},"thumbnailUrl":"https:\/\/we-bc.ca\/wp-content\/uploads\/2023\/11\/FR-Marketing-Product.png","datePublished":"2023-11-28T06:31:15+00:00","dateModified":"2025-04-14T18:28:26+00:00","description":"Apprenez \u00e0 \u00e9laborer un plan de marketing strat\u00e9gique. Cours autodidacte pour les femmes au Canada. Identifier un march\u00e9 cible, choisir ses outils de marketing et plus encore !","breadcrumb":{"@id":"https:\/\/we-bc.ca\/fr\/product\/programme-smart-marketing-strategique-marketing-strategique-elaborer-un-plan-de-marketing-pour-votre-petite-entreprise\/#breadcrumb"},"inLanguage":"fr-FR","potentialAction":[{"@type":"ReadAction","target":["https:\/\/we-bc.ca\/fr\/product\/programme-smart-marketing-strategique-marketing-strategique-elaborer-un-plan-de-marketing-pour-votre-petite-entreprise\/"]}]},{"@type":"ImageObject","inLanguage":"fr-FR","@id":"https:\/\/we-bc.ca\/fr\/product\/programme-smart-marketing-strategique-marketing-strategique-elaborer-un-plan-de-marketing-pour-votre-petite-entreprise\/#primaryimage","url":"https:\/\/we-bc.ca\/wp-content\/uploads\/2023\/11\/FR-Marketing-Product.png","contentUrl":"https:\/\/we-bc.ca\/wp-content\/uploads\/2023\/11\/FR-Marketing-Product.png","width":1080,"height":1080},{"@type":"BreadcrumbList","@id":"https:\/\/we-bc.ca\/fr\/product\/programme-smart-marketing-strategique-marketing-strategique-elaborer-un-plan-de-marketing-pour-votre-petite-entreprise\/#breadcrumb","itemListElement":[{"@type":"ListItem","position":1,"name":"Home","item":"https:\/\/we-bc.ca\/fr\/"},{"@type":"ListItem","position":2,"name":"Shop","item":"https:\/\/we-bc.ca\/shop\/"},{"@type":"ListItem","position":3,"name":"Programme SMART | Marketing strat\u00e9gique : \u00e9laborer un plan de marketing pour votre petite entreprise"}]},{"@type":"WebSite","@id":"https:\/\/we-bc.ca\/fr\/#website","url":"https:\/\/we-bc.ca\/fr\/","name":"WeBC","description":"Supporting Women Entrepreneurs in BC","potentialAction":[{"@type":"SearchAction","target":{"@type":"EntryPoint","urlTemplate":"https:\/\/we-bc.ca\/fr\/?s={search_term_string}"},"query-input":{"@type":"PropertyValueSpecification","valueRequired":true,"valueName":"search_term_string"}}],"inLanguage":"fr-FR"}]}},"_links":{"self":[{"href":"https:\/\/we-bc.ca\/fr\/wp-json\/wp\/v2\/product\/74555","targetHints":{"allow":["GET"]}}],"collection":[{"href":"https:\/\/we-bc.ca\/fr\/wp-json\/wp\/v2\/product"}],"about":[{"href":"https:\/\/we-bc.ca\/fr\/wp-json\/wp\/v2\/types\/product"}],"replies":[{"embeddable":true,"href":"https:\/\/we-bc.ca\/fr\/wp-json\/wp\/v2\/comments?post=74555"}],"wp:featuredmedia":[{"embeddable":true,"href":"https:\/\/we-bc.ca\/fr\/wp-json\/wp\/v2\/media\/74681"}],"wp:attachment":[{"href":"https:\/\/we-bc.ca\/fr\/wp-json\/wp\/v2\/media?parent=74555"}],"wp:term":[{"taxonomy":"product_brand","embeddable":true,"href":"https:\/\/we-bc.ca\/fr\/wp-json\/wp\/v2\/product_brand?post=74555"},{"taxonomy":"product_cat","embeddable":true,"href":"https:\/\/we-bc.ca\/fr\/wp-json\/wp\/v2\/product_cat?post=74555"},{"taxonomy":"product_tag","embeddable":true,"href":"https:\/\/we-bc.ca\/fr\/wp-json\/wp\/v2\/product_tag?post=74555"}],"curies":[{"name":"wp","href":"https:\/\/api.w.org\/{rel}","templated":true}]}}