{"id":86093,"date":"2025-03-24T15:50:25","date_gmt":"2025-03-24T22:50:25","guid":{"rendered":"https:\/\/we-bc.ca\/product\/smart-program-etudes-de-marche-etape-par-etape-construire-une-entreprise-viable\/"},"modified":"2025-05-15T22:41:48","modified_gmt":"2025-05-15T22:41:48","slug":"smart-program-etudes-de-marche-etape-par-etape-construire-une-entreprise-viable","status":"publish","type":"product","link":"https:\/\/we-bc.ca\/fr\/product\/smart-program-etudes-de-marche-etape-par-etape-construire-une-entreprise-viable\/","title":{"rendered":"Programme SMART | \u00c9tudes de march\u00e9 \u00e9tape par \u00e9tape : construire une entreprise viable"},"content":{"rendered":"<p>Que vous lanciez une nouvelle entreprise, que vous \u00e9largissiez votre gamme de produits ou que vous sollicitiez un pr\u00eat, ce cours vous guidera \u00e0 travers les concepts fondamentaux des \u00e9tudes de march\u00e9 pour vous permettre de prendre des d\u00e9cisions \u00e9clair\u00e9es et construire une entreprise viable.<\/p>\n<h2>Dans le cadre des programmes SMART de WeBC<\/h2>\n<p>Faisant partie de notre s\u00e9rie de <a href=\"https:\/\/we-bc.ca\/smart-on-demand-learning-for-women-business-owners\/\">programmes SMART<\/a>, \u00ab \u00c9tudes de march\u00e9 \u00e9tape par \u00e9tape \u00bb est un cours \u00e0 rythme libre qui vous accompagne dans la conduite des \u00e9tudes de march\u00e9 \u00e0 l\u2019aide d\u2019exercices et d\u2019exemples.<\/p>\n<h2>\u00c0 propos du cours sur les \u00e9tudes de march\u00e9<\/h2>\n<p>Qui sont vos clients? Que veulent-ils vraiment? Comment pouvez-vous devancer la concurrence? Beaucoup de propri\u00e9taires d\u2019entreprises prennent des d\u00e9cisions fond\u00e9es sur des hypoth\u00e8ses plut\u00f4t que sur des donn\u00e9es r\u00e9elles. Mais les entreprises qui r\u00e9ussissent utilisent les \u00e9tudes de march\u00e9 pour minimiser les risques et maximiser le succ\u00e8s.<\/p>\n<p>Gr\u00e2ce \u00e0 des \u00e9tudes de march\u00e9 efficaces, vous pouvez r\u00e9pondre \u00e0 des questions essentielles pour votre entreprise, telles que :<\/p>\n<ul>\n<li>Existe-t-il suffisamment de clients pour acheter mon produit ou mon service?<\/li>\n<li>Quelles sont les lacunes qui existent dans mon secteur d\u2019activit\u00e9 et que je peux combler?<\/li>\n<li>Combien les clients sont-ils pr\u00eats \u00e0 payer pour mon produit ou mon service?<\/li>\n<li>Quelles sont les tendances ou les innovations qui pourraient cr\u00e9er des possibilit\u00e9s ou des d\u00e9fis pour mon entreprise?<\/li>\n<li>Quels sont les risques potentiels et comment puis-je m\u2019y pr\u00e9parer?<\/li>\n<\/ul>\n<p>Non seulement des \u00e9tudes de march\u00e9 efficaces peuvent vous donner la tranquillit\u00e9 d\u2019esprit quant \u00e0 la direction que vous souhaitez prendre, mais elles peuvent aussi faciliter votre demande de pr\u00eat ou vous aider \u00e0 convaincre des investisseurs, car vous aurez des preuves concr\u00e8tes que votre entreprise constitue un investissement solide.<\/p>\n<p>Ce cours interactif sur demande vous apprendra \u00e0 :<\/p>\n<ul>\n<li>affiner votre d\u00e9finition du march\u00e9 cible et identifier les questions auxquelles vous essayez de r\u00e9pondre;<\/li>\n<li>recueillir et interpr\u00e9ter des r\u00e9sultats d\u2019\u00e9tudes secondaires provenant de sources cr\u00e9dibles;<\/li>\n<li>mener des \u00e9tudes primaires par le biais de sondages, d\u2019entretiens et d\u2019observations;<\/li>\n<li>analyser vos r\u00e9sultats pour prendre des d\u00e9cisions d\u2019affaires strat\u00e9giques;<\/li>\n<li>mettre en \u0153uvre les meilleures pratiques en mati\u00e8re de recherches.<\/li>\n<\/ul>\n<p>Ce module d\u2019apprentissage \u00e0 rythme libre est propos\u00e9 en trois parties :<\/p>\n<ul>\n<li><strong>Chapitre 1 |<\/strong> <a href=\"https:\/\/we-bc.ca\/product\/smart-program-step-by-step-market-research-build-a-viable-business\/#ch1\">Feuille de route pour les \u00e9tudes de march\u00e9 : par o\u00f9 commencer?<\/a><\/li>\n<li><strong>Chapitre 2 | <\/strong><a href=\"https:\/\/we-bc.ca\/product\/smart-program-step-by-step-market-research-build-a-viable-business\/#ch2\">\u00c9tudes de march\u00e9 secondaires : comment trouver et utiliser les donn\u00e9es existantes?<\/a><\/li>\n<li><strong>Chapitre 3 |<\/strong> <a href=\"https:\/\/we-bc.ca\/product\/smart-program-step-by-step-market-research-build-a-viable-business\/#ch3\">\u00c9tudes de march\u00e9 primaires : recueillir et analyser vos propres donn\u00e9es<\/a><\/li>\n<\/ul>\n<h2>Voici ce qui est inclus<\/h2>\n<ul>\n<li>Acc\u00e8s au module Ma\u00eetriser les \u00e9tudes de march\u00e9 sur notre plateforme d\u2019apprentissage sur demande<\/li>\n<li>Manuel \u00c9tudes de march\u00e9 \u00e9tape par \u00e9tape<\/li>\n<li>Un encadrement de la part <a href=\"https:\/\/we-bc.ca\/what-we-offer\/advisory-services\/\">d\u2019un conseiller en affaires<\/a><\/li>\n<\/ul>\n<h2>Chapitres inclus dans le cours sur les \u00e9tudes de march\u00e9<\/h2>\n<p>Le cours est divis\u00e9 en trois chapitres attrayants :<br \/>\n<a name=\"ch1\"><\/a><\/p>\n<h3>Chapitre 1 | Feuille de route pour les \u00e9tudes de march\u00e9 : par o\u00f9 commencer?<\/h3>\n<p>Les d\u00e9cisions que vous prenez pour votre entreprise sont-elles fond\u00e9es sur des faits ou sur des hypoth\u00e8ses? Ce chapitre vous pr\u00e9sente les quatre \u00e9tapes essentielles de la feuille de route des \u00e9tudes de march\u00e9 et vous aide \u00e0 comprendre les avantages des \u00e9tudes de march\u00e9 et les informations qu\u2019elles peuvent r\u00e9v\u00e9ler \u00e0 votre entreprise.<\/p>\n<p>Dans ce chapitre, vous apprendrez comment :<\/p>\n<ul>\n<li>identifier votre march\u00e9 cible et remettre en question vos hypoth\u00e8ses \u00e0 son sujet;<\/li>\n<li>v\u00e9rifier la viabilit\u00e9 de votre entreprise \u00e0 l\u2019aide des \u00e9tudes de march\u00e9;<\/li>\n<li>identifier les questions auxquelles vous essayez de r\u00e9pondre, de mani\u00e8re \u00e0 savoir o\u00f9 concentrer votre temps et votre \u00e9nergie;<\/li>\n<li>d\u00e9finir vos objectifs de recherche afin de disposer d\u2019une base solide pour votre travail.<\/li>\n<\/ul>\n<p><a name=\"ch2\"><\/a><\/p>\n<h3>Chapitre 2 | \u00c9tudes de march\u00e9 secondaires : comment trouver et utiliser les donn\u00e9es existantes?<\/h3>\n<p>Pourquoi partir de z\u00e9ro alors qu\u2019une multitude d\u2019informations sont d\u00e9j\u00e0 disponibles? Les \u00e9tudes secondaires consistent \u00e0 recueillir des donn\u00e9es existantes pour comprendre votre secteur d\u2019activit\u00e9, vos clients et vos concurrents. Il s\u2019agit d\u2019obtenir une vue d\u2019ensemble qui permet d\u2019identifier les tendances et les possibilit\u00e9s.<\/p>\n<p>Dans ce chapitre, vous :<\/p>\n<ul>\n<li>d\u00e9couvrirez des sources d\u2019information cr\u00e9dibles qui r\u00e9pondent \u00e0 vos questions;<\/li>\n<li>apprendrez \u00e0 recueillir, organiser et interpr\u00e9ter les donn\u00e9es sans vous laisser submerger par la masse d\u2019informations disponibles;<\/li>\n<li>vous entra\u00eenerez \u00e0 transformer des donn\u00e9es brutes en mesures concr\u00e8tes en pr\u00e9parant des synth\u00e8ses.<\/li>\n<\/ul>\n<p><a name=\"ch3\"><\/a><\/p>\n<h3>Chapter 3 | \u00c9tudes primaires : de la collecte de donn\u00e9es \u00e0 des renseignements utiles<\/h3>\n<p>La meilleure fa\u00e7on de comprendre vos clients est de les interroger directement, car cela vous permet de savoir si les \u00e9tudes secondaires de nature globale s\u2019appliquent \u00e0 votre march\u00e9 particulier. Ce chapitre vous accompagnera tout au long du processus de collecte de donn\u00e9es de premi\u00e8re main par le biais de sondages, de march\u00e9s-tests et d\u2019autres m\u00e9thodes \u2014 autrement dit, les \u00e9tudes de march\u00e9 primaires. Ensuite, vous r\u00e9sumerez toutes les \u00e9tudes que vous avez men\u00e9es dans le cadre du cours afin de r\u00e9pondre aux questions cl\u00e9s que vous avez identifi\u00e9es au d\u00e9but et d\u2019apporter des ajustements \u00e0 votre plan d\u2019affaires pour garantir la viabilit\u00e9 de votre entreprise.<\/p>\n<p>Dans ce chapitre, vous :<\/p>\n<ul>\n<li>choisirez les meilleures m\u00e9thodes pour les \u00e9tudes primaires en fonction des besoins et des ressources de votre entreprise;<\/li>\n<li>pr\u00e9parerez des questions efficaces pour obtenir des r\u00e9ponses significatives;<\/li>\n<li>cr\u00e9erez un plan de lancement des \u00e9tudes;<\/li>\n<li>rassemblerez tous vos r\u00e9sultats dans une synth\u00e8se claire et concise que vous pourrez utiliser pour des plans d\u2019affaires, des pr\u00e9sentations (pitch decks) et bien plus encore.<\/li>\n<\/ul>\n<h2>\u00c0 qui s\u2019adresse ce cours?<\/h2>\n<p>Ce cours de niveau introductif est ouvert aux entrepreneuses, aux propri\u00e9taires de petites entreprises et aux start-ups qui sont aux premiers stades du d\u00e9veloppement de leur entreprise ou qui passent par une \u00e9tape d\u00e9cisive, comme le d\u00e9veloppement d\u2019un nouveau produit\/service ou d\u2019un nouveau march\u00e9. Il est particuli\u00e8rement utile pour les propri\u00e9taires d\u2019entreprise qui souhaitent am\u00e9liorer la viabilit\u00e9 de leur entreprise gr\u00e2ce \u00e0 des d\u00e9cisions fond\u00e9es sur des donn\u00e9es.<\/p>\n<p>Gr\u00e2ce \u00e0 la Strat\u00e9gie pour les femmes en entrepreneuriat du gouvernement du Canada, l\u2019acc\u00e8s \u00e0 ce cours est actuellement gratuit!<\/p>\n<p><strong><a href=\"https:\/\/go.we-bc.ca\/SMART-MarketResearch\">Click here to view this course in English &gt;&gt;&gt;<\/a><\/strong><\/p>\n<hr \/>\n<p style=\"text-align: left;\"><strong>Ce programme est financ\u00e9 par la <a href=\"https:\/\/ised-isde.canada.ca\/site\/women-entrepreneurship-strategy\/en\/wes-inclusive-women-venture-capital-initiative\">Strat\u00e9gie pour les femmes en entrepreneuriat<\/a> du gouvernement du Canada.<\/strong><\/p>\n<p><img decoding=\"async\" class=\"alignnone wp-image-62904 alignleft\" src=\"https:\/\/we-bc.ca\/wp-content\/uploads\/2023\/05\/ISED-ISDE-45e.png-black.png\" alt=\"Innovation, science et d\u00e9veloppement \u00e9conomique Canada\" width=\"392\" height=\"21\" \/ loading=\"lazy\" srcset=\"https:\/\/we-bc.ca\/wp-content\/uploads\/2023\/05\/ISED-ISDE-45e.png-black.png 1821w, https:\/\/we-bc.ca\/wp-content\/uploads\/2023\/05\/ISED-ISDE-45e.png-black-360x19.png 360w, https:\/\/we-bc.ca\/wp-content\/uploads\/2023\/05\/ISED-ISDE-45e.png-black-600x32.png 600w, https:\/\/we-bc.ca\/wp-content\/uploads\/2023\/05\/ISED-ISDE-45e.png-black-768x41.png 768w, https:\/\/we-bc.ca\/wp-content\/uploads\/2023\/05\/ISED-ISDE-45e.png-black-1536x82.png 1536w\" sizes=\"auto, (max-width: 392px) 100vw, 392px\" \/><\/p>\n","protected":false},"excerpt":{"rendered":"<p>Disponible en anglais et en fran\u00e7ais<\/p>\n<p><a href=\"https:\/\/go.we-bc.ca\/SMART-MarketResearch\"><strong>[Click here to purchase this course in English]<\/strong><\/a><\/p>\n","protected":false},"featured_media":86486,"comment_status":"open","ping_status":"closed","template":"","meta":{"_acf_changed":false},"product_brand":[],"product_cat":[1890,1530,1507,1534],"product_tag":[1532,1887,1555,1531],"class_list":{"0":"post-86093","1":"product","2":"type-product","3":"status-publish","4":"has-post-thumbnail","6":"product_cat-products-2","7":"product_cat-developpement-des-competences","8":"product_cat-programmes-smart","9":"product_cat-tous-les-produits","10":"product_tag-a-la-demande","11":"product_tag-etude-de-marche","12":"product_tag-marketing-fr","13":"product_tag-smart-fr","15":"first","16":"instock","17":"sale","18":"virtual","19":"purchasable","20":"product-type-simple"},"bundled_by":[],"bundle_stock_status":"instock","bundle_stock_quantity":null,"bundle_virtual":false,"bundle_layout":"","bundle_add_to_cart_form_location":"","bundle_editable_in_cart":false,"bundle_sold_individually_context":"","bundle_item_grouping":"","bundle_min_size":"","bundle_max_size":"","bundle_price":[],"bundled_items":[],"bundle_sell_ids":[],"acf":[],"yoast_head":"<!-- This site is optimized with the Yoast SEO plugin v27.4 - https:\/\/yoast.com\/product\/yoast-seo-wordpress\/ -->\n<title>[FREE] Cours sur les \u00e9tudes de march\u00e9 pour les petites entreprises - WeBC<\/title>\n<meta name=\"description\" content=\"Apprenez \u00e0 r\u00e9aliser une \u00e9tude de march\u00e9 pour votre petite entreprise. Un guide \u00e9tape par \u00e9tape de la recherche primaire et secondaire. Cours gratuit pour les femmes au Canada !\" \/>\n<meta name=\"robots\" content=\"index, follow, max-snippet:-1, max-image-preview:large, max-video-preview:-1\" \/>\n<link rel=\"canonical\" href=\"https:\/\/we-bc.ca\/fr\/product\/smart-program-etudes-de-marche-etape-par-etape-construire-une-entreprise-viable\/\" \/>\n<meta property=\"og:locale\" content=\"fr_FR\" \/>\n<meta property=\"og:type\" content=\"article\" \/>\n<meta property=\"og:title\" content=\"[FREE] Cours sur les \u00e9tudes de march\u00e9 pour les petites entreprises - WeBC\" \/>\n<meta property=\"og:description\" content=\"Apprenez \u00e0 r\u00e9aliser une \u00e9tude de march\u00e9 pour votre petite entreprise. Un guide \u00e9tape par \u00e9tape de la recherche primaire et secondaire. Cours gratuit pour les femmes au Canada !\" \/>\n<meta property=\"og:url\" content=\"https:\/\/we-bc.ca\/fr\/product\/smart-program-etudes-de-marche-etape-par-etape-construire-une-entreprise-viable\/\" \/>\n<meta property=\"og:site_name\" content=\"WeBC\" \/>\n<meta property=\"article:modified_time\" content=\"2025-05-15T22:41:48+00:00\" \/>\n<meta property=\"og:image\" content=\"https:\/\/resources.we-bc.ca\/wp-content\/uploads\/2025\/03\/FR-SMART-Market-Research.png\" \/>\n\t<meta property=\"og:image:width\" content=\"1080\" \/>\n\t<meta property=\"og:image:height\" content=\"1080\" \/>\n\t<meta property=\"og:image:type\" content=\"image\/png\" \/>\n<meta name=\"twitter:card\" content=\"summary_large_image\" \/>\n<meta name=\"twitter:label1\" content=\"Dur\u00e9e de lecture estim\u00e9e\" \/>\n\t<meta name=\"twitter:data1\" content=\"5 minutes\" \/>\n<script type=\"application\/ld+json\" class=\"yoast-schema-graph\">{\"@context\":\"https:\\\/\\\/schema.org\",\"@graph\":[{\"@type\":\"WebPage\",\"@id\":\"https:\\\/\\\/we-bc.ca\\\/fr\\\/product\\\/smart-program-etudes-de-marche-etape-par-etape-construire-une-entreprise-viable\\\/\",\"url\":\"https:\\\/\\\/we-bc.ca\\\/fr\\\/product\\\/smart-program-etudes-de-marche-etape-par-etape-construire-une-entreprise-viable\\\/\",\"name\":\"[FREE] Cours sur les \u00e9tudes de march\u00e9 pour les petites entreprises - WeBC\",\"isPartOf\":{\"@id\":\"https:\\\/\\\/we-bc.ca\\\/fr\\\/#website\"},\"primaryImageOfPage\":{\"@id\":\"https:\\\/\\\/we-bc.ca\\\/fr\\\/product\\\/smart-program-etudes-de-marche-etape-par-etape-construire-une-entreprise-viable\\\/#primaryimage\"},\"image\":{\"@id\":\"https:\\\/\\\/we-bc.ca\\\/fr\\\/product\\\/smart-program-etudes-de-marche-etape-par-etape-construire-une-entreprise-viable\\\/#primaryimage\"},\"thumbnailUrl\":\"https:\\\/\\\/we-bc.ca\\\/wp-content\\\/uploads\\\/2025\\\/03\\\/FR-SMART-Market-Research.png\",\"datePublished\":\"2025-03-24T22:50:25+00:00\",\"dateModified\":\"2025-05-15T22:41:48+00:00\",\"description\":\"Apprenez \u00e0 r\u00e9aliser une \u00e9tude de march\u00e9 pour votre petite entreprise. Un guide \u00e9tape par \u00e9tape de la recherche primaire et secondaire. Cours gratuit pour les femmes au Canada !\",\"breadcrumb\":{\"@id\":\"https:\\\/\\\/we-bc.ca\\\/fr\\\/product\\\/smart-program-etudes-de-marche-etape-par-etape-construire-une-entreprise-viable\\\/#breadcrumb\"},\"inLanguage\":\"fr-FR\",\"potentialAction\":[{\"@type\":\"ReadAction\",\"target\":[\"https:\\\/\\\/we-bc.ca\\\/fr\\\/product\\\/smart-program-etudes-de-marche-etape-par-etape-construire-une-entreprise-viable\\\/\"]}]},{\"@type\":\"ImageObject\",\"inLanguage\":\"fr-FR\",\"@id\":\"https:\\\/\\\/we-bc.ca\\\/fr\\\/product\\\/smart-program-etudes-de-marche-etape-par-etape-construire-une-entreprise-viable\\\/#primaryimage\",\"url\":\"https:\\\/\\\/we-bc.ca\\\/wp-content\\\/uploads\\\/2025\\\/03\\\/FR-SMART-Market-Research.png\",\"contentUrl\":\"https:\\\/\\\/we-bc.ca\\\/wp-content\\\/uploads\\\/2025\\\/03\\\/FR-SMART-Market-Research.png\",\"width\":1080,\"height\":1080},{\"@type\":\"BreadcrumbList\",\"@id\":\"https:\\\/\\\/we-bc.ca\\\/fr\\\/product\\\/smart-program-etudes-de-marche-etape-par-etape-construire-une-entreprise-viable\\\/#breadcrumb\",\"itemListElement\":[{\"@type\":\"ListItem\",\"position\":1,\"name\":\"Home\",\"item\":\"https:\\\/\\\/we-bc.ca\\\/fr\\\/\"},{\"@type\":\"ListItem\",\"position\":2,\"name\":\"Shop\",\"item\":\"https:\\\/\\\/we-bc.ca\\\/shop\\\/\"},{\"@type\":\"ListItem\",\"position\":3,\"name\":\"Programme SMART | \u00c9tudes de march\u00e9 \u00e9tape par \u00e9tape : construire une entreprise viable\"}]},{\"@type\":\"WebSite\",\"@id\":\"https:\\\/\\\/we-bc.ca\\\/fr\\\/#website\",\"url\":\"https:\\\/\\\/we-bc.ca\\\/fr\\\/\",\"name\":\"WeBC\",\"description\":\"Supporting Women Entrepreneurs in BC\",\"potentialAction\":[{\"@type\":\"SearchAction\",\"target\":{\"@type\":\"EntryPoint\",\"urlTemplate\":\"https:\\\/\\\/we-bc.ca\\\/fr\\\/?s={search_term_string}\"},\"query-input\":{\"@type\":\"PropertyValueSpecification\",\"valueRequired\":true,\"valueName\":\"search_term_string\"}}],\"inLanguage\":\"fr-FR\"}]}<\/script>\n<!-- \/ Yoast SEO plugin. -->","yoast_head_json":{"title":"[FREE] Cours sur les \u00e9tudes de march\u00e9 pour les petites entreprises - WeBC","description":"Apprenez \u00e0 r\u00e9aliser une \u00e9tude de march\u00e9 pour votre petite entreprise. Un guide \u00e9tape par \u00e9tape de la recherche primaire et secondaire. Cours gratuit pour les femmes au Canada !","robots":{"index":"index","follow":"follow","max-snippet":"max-snippet:-1","max-image-preview":"max-image-preview:large","max-video-preview":"max-video-preview:-1"},"canonical":"https:\/\/we-bc.ca\/fr\/product\/smart-program-etudes-de-marche-etape-par-etape-construire-une-entreprise-viable\/","og_locale":"fr_FR","og_type":"article","og_title":"[FREE] Cours sur les \u00e9tudes de march\u00e9 pour les petites entreprises - WeBC","og_description":"Apprenez \u00e0 r\u00e9aliser une \u00e9tude de march\u00e9 pour votre petite entreprise. Un guide \u00e9tape par \u00e9tape de la recherche primaire et secondaire. Cours gratuit pour les femmes au Canada !","og_url":"https:\/\/we-bc.ca\/fr\/product\/smart-program-etudes-de-marche-etape-par-etape-construire-une-entreprise-viable\/","og_site_name":"WeBC","article_modified_time":"2025-05-15T22:41:48+00:00","og_image":[{"width":1080,"height":1080,"url":"https:\/\/resources.we-bc.ca\/wp-content\/uploads\/2025\/03\/FR-SMART-Market-Research.png","type":"image\/png"}],"twitter_card":"summary_large_image","twitter_misc":{"Dur\u00e9e de lecture estim\u00e9e":"5 minutes"},"schema":{"@context":"https:\/\/schema.org","@graph":[{"@type":"WebPage","@id":"https:\/\/we-bc.ca\/fr\/product\/smart-program-etudes-de-marche-etape-par-etape-construire-une-entreprise-viable\/","url":"https:\/\/we-bc.ca\/fr\/product\/smart-program-etudes-de-marche-etape-par-etape-construire-une-entreprise-viable\/","name":"[FREE] Cours sur les \u00e9tudes de march\u00e9 pour les petites entreprises - WeBC","isPartOf":{"@id":"https:\/\/we-bc.ca\/fr\/#website"},"primaryImageOfPage":{"@id":"https:\/\/we-bc.ca\/fr\/product\/smart-program-etudes-de-marche-etape-par-etape-construire-une-entreprise-viable\/#primaryimage"},"image":{"@id":"https:\/\/we-bc.ca\/fr\/product\/smart-program-etudes-de-marche-etape-par-etape-construire-une-entreprise-viable\/#primaryimage"},"thumbnailUrl":"https:\/\/we-bc.ca\/wp-content\/uploads\/2025\/03\/FR-SMART-Market-Research.png","datePublished":"2025-03-24T22:50:25+00:00","dateModified":"2025-05-15T22:41:48+00:00","description":"Apprenez \u00e0 r\u00e9aliser une \u00e9tude de march\u00e9 pour votre petite entreprise. Un guide \u00e9tape par \u00e9tape de la recherche primaire et secondaire. Cours gratuit pour les femmes au Canada !","breadcrumb":{"@id":"https:\/\/we-bc.ca\/fr\/product\/smart-program-etudes-de-marche-etape-par-etape-construire-une-entreprise-viable\/#breadcrumb"},"inLanguage":"fr-FR","potentialAction":[{"@type":"ReadAction","target":["https:\/\/we-bc.ca\/fr\/product\/smart-program-etudes-de-marche-etape-par-etape-construire-une-entreprise-viable\/"]}]},{"@type":"ImageObject","inLanguage":"fr-FR","@id":"https:\/\/we-bc.ca\/fr\/product\/smart-program-etudes-de-marche-etape-par-etape-construire-une-entreprise-viable\/#primaryimage","url":"https:\/\/we-bc.ca\/wp-content\/uploads\/2025\/03\/FR-SMART-Market-Research.png","contentUrl":"https:\/\/we-bc.ca\/wp-content\/uploads\/2025\/03\/FR-SMART-Market-Research.png","width":1080,"height":1080},{"@type":"BreadcrumbList","@id":"https:\/\/we-bc.ca\/fr\/product\/smart-program-etudes-de-marche-etape-par-etape-construire-une-entreprise-viable\/#breadcrumb","itemListElement":[{"@type":"ListItem","position":1,"name":"Home","item":"https:\/\/we-bc.ca\/fr\/"},{"@type":"ListItem","position":2,"name":"Shop","item":"https:\/\/we-bc.ca\/shop\/"},{"@type":"ListItem","position":3,"name":"Programme SMART | \u00c9tudes de march\u00e9 \u00e9tape par \u00e9tape : construire une entreprise viable"}]},{"@type":"WebSite","@id":"https:\/\/we-bc.ca\/fr\/#website","url":"https:\/\/we-bc.ca\/fr\/","name":"WeBC","description":"Supporting Women Entrepreneurs in BC","potentialAction":[{"@type":"SearchAction","target":{"@type":"EntryPoint","urlTemplate":"https:\/\/we-bc.ca\/fr\/?s={search_term_string}"},"query-input":{"@type":"PropertyValueSpecification","valueRequired":true,"valueName":"search_term_string"}}],"inLanguage":"fr-FR"}]}},"_links":{"self":[{"href":"https:\/\/we-bc.ca\/fr\/wp-json\/wp\/v2\/product\/86093","targetHints":{"allow":["GET"]}}],"collection":[{"href":"https:\/\/we-bc.ca\/fr\/wp-json\/wp\/v2\/product"}],"about":[{"href":"https:\/\/we-bc.ca\/fr\/wp-json\/wp\/v2\/types\/product"}],"replies":[{"embeddable":true,"href":"https:\/\/we-bc.ca\/fr\/wp-json\/wp\/v2\/comments?post=86093"}],"wp:featuredmedia":[{"embeddable":true,"href":"https:\/\/we-bc.ca\/fr\/wp-json\/wp\/v2\/media\/86486"}],"wp:attachment":[{"href":"https:\/\/we-bc.ca\/fr\/wp-json\/wp\/v2\/media?parent=86093"}],"wp:term":[{"taxonomy":"product_brand","embeddable":true,"href":"https:\/\/we-bc.ca\/fr\/wp-json\/wp\/v2\/product_brand?post=86093"},{"taxonomy":"product_cat","embeddable":true,"href":"https:\/\/we-bc.ca\/fr\/wp-json\/wp\/v2\/product_cat?post=86093"},{"taxonomy":"product_tag","embeddable":true,"href":"https:\/\/we-bc.ca\/fr\/wp-json\/wp\/v2\/product_tag?post=86093"}],"curies":[{"name":"wp","href":"https:\/\/api.w.org\/{rel}","templated":true}]}}